{"id":53,"date":"2019-08-13T15:41:25","date_gmt":"2019-08-13T13:41:25","guid":{"rendered":"http:\/\/www.patent-marketing.com\/datenschutz\/"},"modified":"2023-11-13T10:49:48","modified_gmt":"2023-11-13T09:49:48","slug":"datenschutz","status":"publish","type":"page","link":"https:\/\/www.patent-marketing.com\/de\/datenschutz\/","title":{"rendered":"Datenschutzerkl\u00e4rung"},"content":{"rendered":"\n<h1 class=\"wp-block-heading\">Datenschutzerkl\u00e4rung<\/h1>\n\n\n\n<h2 class=\"wp-block-heading\">1. Datenschutz auf einen Blick<\/h2>\n\n\n\n<h3 class=\"wp-block-heading\">Allgemeine Hinweise<\/h3>\n\n\n\n<p>Die folgenden Hinweise\ngeben einen einfachen \u00dcberblick dar\u00fcber, was mit Ihren personenbezogenen Daten\npassiert, wenn Sie unsere Website besuchen. Personenbezogene Daten sind alle\nDaten, mit denen Sie pers\u00f6nlich identifiziert werden k\u00f6nnen. Ausf\u00fchrliche\nInformationen zum Thema Datenschutz entnehmen Sie unserer unter diesem Text\naufgef\u00fchrten Datenschutzerkl\u00e4rung.<\/p>\n\n\n\n<h3 class=\"wp-block-heading\">Datenerfassung auf unserer Website<\/h3>\n\n\n\n<p><strong>Wer ist verantwortlich f\u00fcr die Datenerfassung\nauf dieser Website?<\/strong><br>\nDie Datenverarbeitung auf dieser Website erfolgt durch den Websitebetreiber.\nDessen Kontaktdaten k\u00f6nnen Sie dem Impressum dieser Website entnehmen.<\/p>\n\n\n\n<p><strong>Wie erfassen wir Ihre Daten?<\/strong><br>\nIhre Daten werden zum einen dadurch erhoben, dass Sie uns diese mitteilen.\nHierbei kann es sich z.B. um Daten handeln, die Sie in ein Kontaktformular\neingeben.<\/p>\n\n\n\n<p>Andere Daten werden\nautomatisch beim Besuch der Website durch unsere IT-Systeme erfasst. Das sind\nvor allem technische Daten (z.B. Internetbrowser, Betriebssystem oder Uhrzeit\ndes Seitenaufrufs). Die Erfassung dieser Daten erfolgt automatisch, sobald Sie\nunsere Website betreten.<\/p>\n\n\n\n<p><strong>Welche Rechte haben Sie\nbez\u00fcglich Ihrer Daten?<\/strong><\/p>\n\n\n\n<p>Sie haben jederzeit das Recht\nunentgeltlich Auskunft \u00fcber Herkunft, Empf\u00e4nger und Zweck Ihrer<\/p>\n\n\n\n<p>gespeicherten\npersonenbezogenen Daten zu erhalten. Sie haben au\u00dferdem ein Recht, die\nBerichtigung oder L\u00f6schung dieser Daten zu verlangen. Hierzu sowie zu weiteren\nFragen zum Thema Datenschutz k\u00f6nnen Sie sich jederzeit unter der im Impressum\nangegebenen Adresse an uns wenden. Des Weiteren steht Ihnen ein Beschwerderecht\nbei der zust\u00e4ndigen Aufsichtsbeh\u00f6rde zu.<\/p>\n\n\n\n<p>Au\u00dferdem haben Sie das Recht,\nunter bestimmten Umst\u00e4nden die Einschr\u00e4nkung der Verarbeitung Ihrer\npersonenbezogenen Daten zu verlangen. Details hierzu entnehmen Sie der\nDatenschutzerkl\u00e4rung unter \u201eRecht auf Einschr\u00e4nkung der Verarbeitung\u201c.<\/p>\n\n\n\n<p><strong>Analyse-Tools und\nTools von Drittanbietern<\/strong><\/p>\n\n\n\n<p>Beim Besuch dieser Website\nkann Ihr Surf-Verhalten statistisch ausgewertet werden. Das geschieht vor allem\nmit Cookies und mit sogenannten Analyseprogrammen. Die Analyse Ihres\nSurf-Verhaltens erfolgt in der Regel anonym; das Surf-Verhalten kann nicht zu\nIhnen zur\u00fcckverfolgt werden.<\/p>\n\n\n\n<p>Sie k\u00f6nnen dieser Analyse\nwidersprechen oder sie durch die Nichtbenutzung bestimmter Tools verhindern.\nDetaillierte Informationen zu diesen Tools und \u00fcber Ihre\nWiderspruchsm\u00f6glichkeiten finden Sie in der folgenden Datenschutzerkl\u00e4rung.<\/p>\n\n\n\n<h2 class=\"wp-block-heading\">2. Hosting<\/h2>\n\n\n\n<h3 class=\"wp-block-heading\">Externes Hosting<\/h3>\n\n\n\n<p>Diese Website wird bei einem\nexternen Dienstleister gehostet (Hoster). Personenbezogenen Daten, die auf\ndieser Website erfasst werden, werden auf den Servern des Hosters gespeichert.\nHierbei kann es sich v. a. um IP-Adressen, Kontaktanfragen, Meta- und\nKommunikationsdaten, Vertragsdaten, Kontaktdaten, Namen, Webseitenzugriffe und\nsonstige Daten, die \u00fcber eine Website generiert werden, handeln. <\/p>\n\n\n\n<p>Der Einsatz des Hosters\nerfolgt zum Zwecke der Vertragserf\u00fcllung gegen\u00fcber unseren potenziellen und\nbestehenden Kunden (Art. 6 Abs. 1 lit. b DSGVO) und im Interesse einer\nsicheren, schnellen und effizienten Bereitstellung unseres Online-Angebots\ndurch einen professionellen Anbieter (Art. 6 Abs. 1 lit. f DSGVO).<\/p>\n\n\n\n<p>Unser Hoster wird Ihre Daten nur insoweit verarbeiten, wie dies zur Erf\u00fcllung seiner Leistungspflichten erforderlich ist und unsere Weisungen\nin Bezug auf diese Daten befolgen.<\/p>\n\n\n\n<h2 class=\"wp-block-heading\">3. Allgemeine Hinweise und Pflichtinformationen<\/h2>\n\n\n\n<h3 class=\"wp-block-heading\">Datenschutz<\/h3>\n\n\n\n<p>Die Betreiber dieser Seiten\nnehmen den Schutz Ihrer pers\u00f6nlichen Daten sehr ernst. Wir behandeln Ihre\npersonenbezogenen Daten vertraulich und entsprechend der gesetzlichen\nDatenschutzvorschriften sowie dieser Datenschutzerkl\u00e4rung.<\/p>\n\n\n\n<p>Wenn Sie diese Website\nbenutzen, werden verschiedene personenbezogene Daten erhoben.<\/p>\n\n\n\n<p>Personenbezogene Daten sind\nDaten, mit denen Sie pers\u00f6nlich identifiziert werden k\u00f6nnen. Die vorliegende\nDatenschutzerkl\u00e4rung erl\u00e4utert, welche Daten wir erheben und wof\u00fcr wir sie\nnutzen. Sie erl\u00e4utert auch, wie und zu welchem Zweck das geschieht.<\/p>\n\n\n\n<p>Wir weisen darauf hin, dass\ndie Daten\u00fcbertragung im Internet (z. B. bei der Kommunikation per E-Mail)\nSicherheitsl\u00fccken aufweisen kann. Ein l\u00fcckenloser Schutz der Daten vor dem\nZugriff durch Dritte ist nicht m\u00f6glich.<\/p>\n\n\n\n<h4 class=\"wp-block-heading\">Hinweis zur verantwortlichen Stelle<\/h4>\n\n\n\n<p>Die verantwortliche Stelle f\u00fcr\ndie Datenverarbeitung auf dieser Website ist:<\/p>\n\n\n\n<p>Pieter van Weenen &amp; Co. GmbH<br>Tobias Krebs<br>Am Markt 11<br>28195 Bremen<br>Deutschland<\/p>\n\n\n\n<p>Telefon +49 421 32 15 15<br>pvw@patent-marketing.com<\/p>\n\n\n\n<p>Verantwortliche Stelle ist die\nnat\u00fcrliche oder juristische Person, die allein oder gemeinsam mit anderen \u00fcber\ndie Zwecke und Mittel der Verarbeitung von personenbezogenen Daten (z. B.\nNamen, E-Mail-Adressen o. \u00c4.) entscheidet.<\/p>\n\n\n\n<h4 class=\"wp-block-heading\">Gesetzlich vorgeschriebener Datenschutzbeauftragter<\/h4>\n\n\n\n<p>Wir haben f\u00fcr unser\nUnternehmen einen Datenschutzbeauftragten bestellt.<\/p>\n\n\n\n<p>IITR Datenschutz GmbH<br>Dr. Sebastian Kraska<br>Marienplatz 2<br>80331 M\u00fcnchen<br>Deutschland<\/p>\n\n\n\n<p>Telefon +49 89 1891 7360<br>datenschutz@patent-marketing.com<\/p>\n\n\n\n<h4 class=\"wp-block-heading\">Widerruf Ihrer Einwilligung zur Datenverarbeitung<\/h4>\n\n\n\n<p>Viele\nDatenverarbeitungsvorg\u00e4nge sind nur mit Ihrer ausdr\u00fccklichen Einwilligung\nm\u00f6glich. Sie k\u00f6nnen eine bereits erteilte Einwilligung jederzeit widerrufen.\nDazu reicht eine formlose Mitteilung per E-Mail an uns. Die Rechtm\u00e4\u00dfigkeit der\nbis zum Widerruf erfolgten Datenverarbeitung bleibt vom Widerruf unber\u00fchrt.<\/p>\n\n\n\n<h4 class=\"wp-block-heading\">Widerspruchsrecht gegen die Datenerhebung in besonderen F\u00e4llen sowie gegen Direktwerbung (Art. 21 DSGVO)<\/h4>\n\n\n\n<p>Wenn die Datenverarbeitung auf\nGrundlage von Art. 6 Abs. 1 lit. e) oder f) DSGVO erfolgt, haben Sie jederzeit\ndas Recht, aus Gr\u00fcnden, die sich aus Ihrer besonderen Situation ergeben, gegen\ndie Verarbeitung Ihrer personenbezogenen Daten Widerspruch einzulegen; dies\ngilt auch f\u00fcr ein auf diese Bestimmungen gest\u00fctztes Profiling. Die jeweilige\nRechtsgrundlage, auf denen eine Verarbeitung beruht, entnehmen Sie dieser\nDatenschutzerkl\u00e4rung. Wenn Sie Widerspruch einlegen, werden wir Ihre\nbetroffenen personenbezogenen Daten nicht mehr verarbeiten, es sei denn, wir\nk\u00f6nnen zwingende schutzw\u00fcrdige Gr\u00fcnde f\u00fcr die Verarbeitung nachweisen, die Ihre\nInteressen, Rechte und Freiheiten \u00fcberwiegen oder die Verarbeitung dient der\nGeltendmachung, Aus\u00fcbung oder Verteidigung von Rechtsanspr\u00fcchen (Widerspruch\nnach Art. 21 Abs. 1 DSGVO).<\/p>\n\n\n\n<p>Werden Ihre personenbezogenen\nDaten verarbeitet, um Direktwerbung zu betreiben, so haben Sie das Recht,\njederzeit Widerspruch gegen die Verarbeitung Sie betreffender personenbezogener\nDaten zum Zwecke derartiger Werbung einzulegen; dies gilt auch f\u00fcr das\nProfiling, soweit es mit solcher Direktwerbung in Verbindung steht. Wenn Sie\nwidersprechen, werden Ihre personenbezogenen Daten anschlie\u00dfend nicht mehr zum\nZwecke der Direktwerbung verwendet (Widerspruch nach Art. 21 Abs. 2 DSGVO).<\/p>\n\n\n\n<h4 class=\"wp-block-heading\">Beschwerderecht bei der zust\u00e4ndigen Aufsichtsbeh\u00f6rde<\/h4>\n\n\n\n<p>Im Falle von Verst\u00f6\u00dfen gegen\ndie DSGVO steht den Betroffenen ein Beschwerderecht bei einer<\/p>\n\n\n\n<p>Aufsichtsbeh\u00f6rde, insbesondere\nin dem Mitgliedstaat ihres gew\u00f6hnlichen Aufenthalts, ihres Arbeitsplatzes oder\ndes Orts des mutma\u00dflichen Versto\u00dfes zu. Das Beschwerderecht besteht unbeschadet\nanderweitiger verwaltungsrechtlicher oder gerichtlicher Rechtsbehelfe.<\/p>\n\n\n\n<h3 class=\"wp-block-heading\">Recht auf Daten\u00fcbertragbarkeit<\/h3>\n\n\n\n<p>Sie haben das Recht, Daten,\ndie wir auf Grundlage Ihrer Einwilligung oder in Erf\u00fcllung eines Vertrags<\/p>\n\n\n\n<p>automatisiert verarbeiten, an\nsich oder an einen Dritten in einem g\u00e4ngigen, maschinenlesbaren Format\naush\u00e4ndigen zu lassen. Sofern Sie die direkte \u00dcbertragung der Daten an einen\nanderen Verantwortlichen verlangen, erfolgt dies nur, soweit es technisch\nmachbar ist.<\/p>\n\n\n\n<h3 class=\"wp-block-heading\">SSL- bzw. TLS-Verschl\u00fcsselung<\/h3>\n\n\n\n<p>Diese Seite nutzt aus\nSicherheitsgr\u00fcnden und zum Schutz der \u00dcbertragung vertraulicher Inhalte, wie\nzum Beispiel Bestellungen oder Anfragen, die Sie an uns als Seitenbetreiber\nsenden, eine SSL- bzw. TLS-Verschl\u00fcsselung. Eine verschl\u00fcsselte Verbindung\nerkennen Sie daran, dass die Adresszeile des Browsers von \u201ehttp:\/\/\u201c auf\n\u201ehttps:\/\/\u201c wechselt und an dem Schloss-Symbol in Ihrer Browserzeile.<\/p>\n\n\n\n<p>Wenn die SSL- bzw. TLS-Verschl\u00fcsselung\naktiviert ist, k\u00f6nnen die Daten, die Sie an uns \u00fcbermitteln, nicht von Dritten\nmitgelesen werden.<\/p>\n\n\n\n<h3 class=\"wp-block-heading\">Auskunft, L\u00f6schung und Berichtigung<\/h3>\n\n\n\n<p>Sie haben im Rahmen der\ngeltenden gesetzlichen Bestimmungen jederzeit das Recht auf unentgeltliche\nAuskunft \u00fcber Ihre gespeicherten personenbezogenen Daten, deren Herkunft und\nEmpf\u00e4nger und den Zweck der Datenverarbeitung und ggf. ein Recht auf\nBerichtigung oder L\u00f6schung dieser Daten. Hierzu sowie zu weiteren Fragen zum\nThema personenbezogene Daten k\u00f6nnen Sie sich jederzeit unter der im Impressum\nangegebenen Adresse an uns wenden.<\/p>\n\n\n\n<h3 class=\"wp-block-heading\">Recht auf Einschr\u00e4nkung der Verarbeitung<\/h3>\n\n\n\n<p>Sie haben das Recht, die\nEinschr\u00e4nkung der Verarbeitung Ihrer personenbezogenen Daten zu verlangen.\nHierzu k\u00f6nnen Sie sich jederzeit unter der im Impressum angegebenen Adresse an\nuns wenden. Das Recht auf Einschr\u00e4nkung der Verarbeitung besteht in folgenden\nF\u00e4llen:<\/p>\n\n\n\n<ul class=\"wp-block-list\">\n<li>Wenn Sie die Richtigkeit Ihrer bei uns gespeicherten personenbezogenen\nDaten bestreiten, ben\u00f6tigen wir in der Regel Zeit, um dies zu \u00fcberpr\u00fcfen. F\u00fcr\ndie Dauer der Pr\u00fcfung haben Sie das Recht, die Einschr\u00e4nkung der Verarbeitung\nIhrer personenbezogenen Daten zu verlangen.<\/li>\n<\/ul>\n\n\n\n<ul class=\"wp-block-list\">\n<li>Wenn die Verarbeitung Ihrer personenbezogenen Daten unrechtm\u00e4\u00dfig\ngeschah\/geschieht, k\u00f6nnen Sie statt der L\u00f6schung die Einschr\u00e4nkung der\nDatenverarbeitung verlangen.<\/li>\n<\/ul>\n\n\n\n<ul class=\"wp-block-list\">\n<li>Wenn wir Ihre personenbezogenen Daten nicht mehr ben\u00f6tigen, Sie sie\njedoch zur Aus\u00fcbung,<\/li>\n<\/ul>\n\n\n\n<p>Verteidigung oder\nGeltendmachung von Rechtsanspr\u00fcchen ben\u00f6tigen, haben Sie das Recht, statt der\nL\u00f6schung die Einschr\u00e4nkung der Verarbeitung Ihrer personenbezogenen Daten zu\nverlangen.<\/p>\n\n\n\n<ul class=\"wp-block-list\">\n<li>Wenn Sie einen Widerspruch nach Art. 21 Abs. 1 DSGVO eingelegt haben,\nmuss eine Abw\u00e4gung zwischen Ihren und unseren Interessen vorgenommen werden.\nSolange noch nicht feststeht, wessen Interessen \u00fcberwiegen, haben Sie das\nRecht, die Einschr\u00e4nkung der Verarbeitung Ihrer personenbezogenen Daten zu\nverlangen.<\/li>\n<\/ul>\n\n\n\n<p>Wenn Sie die Verarbeitung\nIhrer personenbezogenen Daten eingeschr\u00e4nkt haben, d\u00fcrfen diese Daten \u2013 von\nihrer Speicherung abgesehen \u2013 nur mit Ihrer Einwilligung oder zur\nGeltendmachung, Aus\u00fcbung oder Verteidigung von Rechtsanspr\u00fcchen oder zum Schutz\nder Rechte einer anderen nat\u00fcrlichen oder<\/p>\n\n\n\n<p>juristischen Person oder aus\nGr\u00fcnden eines wichtigen \u00f6ffentlichen Interesses der Europ\u00e4ischen Union oder eines\nMitgliedstaats verarbeitet werden.<\/p>\n\n\n\n<h2 class=\"wp-block-heading\">4. Datenerfassung auf dieser Website<\/h2>\n\n\n\n<h3 class=\"wp-block-heading\">Cookies<\/h3>\n\n\n\n<p>Die Internetseiten verwenden\nteilweise so genannte Cookies. Cookies richten auf Ihrem Rechner keinen Schaden\nan und enthalten keine Viren. Cookies dienen dazu, unser Angebot\nnutzerfreundlicher, effektiver und sicherer zu machen. Cookies sind kleine\nTextdateien, die auf Ihrem Rechner abgelegt werden und die Ihr Browser\nspeichert.<\/p>\n\n\n\n<p>Die meisten der von uns\nverwendeten Cookies sind so genannte \u201eSession-Cookies\u201c. Sie werden nach Ende\nIhres Besuchs automatisch gel\u00f6scht. Andere Cookies bleiben auf Ihrem Endger\u00e4t\ngespeichert bis Sie diese l\u00f6schen. Diese Cookies erm\u00f6glichen es uns, Ihren\nBrowser beim n\u00e4chsten Besuch wiederzuerkennen.<\/p>\n\n\n\n<p>Sie k\u00f6nnen Ihren Browser so\neinstellen, dass Sie \u00fcber das Setzen von Cookies informiert werden und<\/p>\n\n\n\n<p>Cookies nur im Einzelfall\nerlauben, die Annahme von Cookies f\u00fcr bestimmte F\u00e4lle oder generell\nausschlie\u00dfen sowie das automatische L\u00f6schen der Cookies beim Schlie\u00dfen des\nBrowsers aktivieren. Bei der Deaktivierung von Cookies kann die Funktionalit\u00e4t\ndieser Website eingeschr\u00e4nkt sein.<\/p>\n\n\n\n<p>Cookies, die zur Durchf\u00fchrung\ndes elektronischen Kommunikationsvorgangs oder zur Bereitstellung<\/p>\n\n\n\n<p>bestimmter, von Ihnen\nerw\u00fcnschter Funktionen (z. B. Warenkorbfunktion) erforderlich sind, werden auf\nGrundlage von Art. 6 Abs. 1 lit. f DSGVO gespeichert. Der Websitebetreiber hat\nein berechtigtes Interesse an der Speicherung von Cookies zur technisch\nfehlerfreien und optimierten Bereitstellung seiner Dienste. Sofern eine\nentsprechende Einwilligung abgefragt wurde (z. B. eine Einwilligung zur\nSpeicherung von Cookies), erfolgt die Verarbeitung ausschlie\u00dflich auf Grundlage\nvon Art. 6 Abs. 1 lit. a DSGVO; die Einwilligung ist jederzeit widerrufbar.<\/p>\n\n\n\n<p>Soweit andere Cookies (z. B.\nCookies zur Analyse Ihres Surfverhaltens) gespeichert werden, werden diese in\ndieser Datenschutzerkl\u00e4rung gesondert behandelt.<\/p>\n\n\n\n<h3 class=\"wp-block-heading\">Server-Log-Dateien<\/h3>\n\n\n\n<p>Der Provider der Seiten erhebt\nund speichert automatisch Informationen in so genannten Server-Log-Dateien, die Ihr Browser\nautomatisch an uns \u00fcbermittelt. Dies sind:<\/p>\n\n\n\n<ul class=\"wp-block-list\">\n<li>Datum und Uhrzeit des Zugriffs<\/li>\n\n\n\n<li>Die IP-Adresse des Nutzers<\/li>\n\n\n\n<li>Informationen \u00fcber den Browsertyp und die verwendete Version<\/li>\n<\/ul>\n\n\n\n<p>Eine Zusammenf\u00fchrung dieser Daten mit anderen Datenquellen wird nicht vorgenommen. Diese Informationen speichern wir \u00fcber einen Zeitraum von maximal 30 Tagen.<\/p>\n\n\n\n<p>Die Erfassung dieser Daten\nerfolgt auf Grundlage von Art. 6 Abs. 1 lit. f DSGVO. Der Websitebetreiber hat\nein berechtigtes Interesse an der technisch fehlerfreien Darstellung und der\nOptimierung seiner Website \u2013 hierzu m\u00fcssen die Server-Log-Files erfasst werden.<\/p>\n\n\n\n<h3 class=\"wp-block-heading\">Anfrage per E-Mail, Telefon oder Telefax<\/h3>\n\n\n\n<p>Wenn Sie uns per E-Mail, Telefon oder Telefax kontaktieren, wird Ihre Anfrage inklusive aller daraus hervorgehenden\npersonenbezogenen Daten (Name, Anfrage) zum Zwecke der Bearbeitung Ihres\nAnliegens bei uns gespeichert und verarbeitet. Diese Daten geben wir nicht ohne\nIhre Einwilligung weiter.<\/p>\n\n\n\n<p>Die Verarbeitung dieser Daten\nerfolgt auf Grundlage von Art. 6 Abs. 1 lit. b DSGVO, sofern Ihre Anfrage mit\nder Erf\u00fcllung eines Vertrags zusammenh\u00e4ngt oder zur Durchf\u00fchrung\nvorvertraglicher Ma\u00dfnahmen erforderlich ist. In allen \u00fcbrigen F\u00e4llen beruht die\nVerarbeitung auf Ihrer Einwilligung (Art. 6 Abs. 1 lit. a DSGVO) und\/oder auf\nunseren berechtigten Interessen (Art. 6 Abs. 1 lit. f DSGVO), da wir ein\nberechtigtes Interesse an der effektiven Bearbeitung der an uns gerichteten\nAnfragen haben.<\/p>\n\n\n\n<p>Die von Ihnen an uns per\nKontaktanfragen \u00fcbersandten Daten verbleiben bei uns, bis Sie uns zur L\u00f6schung\nauffordern, Ihre Einwilligung zur Speicherung widerrufen oder der Zweck f\u00fcr die\nDatenspeicherung entf\u00e4llt (z. B. nach abgeschlossener Bearbeitung Ihres\nAnliegens). Zwingende gesetzliche Bestimmungen \u2013 insbesondere gesetzliche\nAufbewahrungsfristen \u2013 bleiben unber\u00fchrt.<\/p>\n\n\n\n<h2 class=\"wp-block-heading\">5. Analyse-Tools und Werbung<\/h2>\n\n\n\n<h3 class=\"wp-block-heading\">Google Analytics<\/h3>\n\n\n\n<p>Diese Website nutzt Funktionen\ndes Webanalysedienstes Google Analytics. Anbieter ist die Google\nIreland Limited (\u201eGoogle\u201c), Gordon House, Barrow Street, Dublin 4, Irland.<\/p>\n\n\n\n<p>Google Analytics verwendet so genannte \u201eCookies\u201c. Das sind Textdateien, die auf Ihrem Computer gespeichert werden und die\neine Analyse der Benutzung der Website durch Sie erm\u00f6glichen. Die durch den\nCookie erzeugten Informationen \u00fcber Ihre Benutzung dieser Website werden in der\nRegel an einen Server von Google in den USA \u00fcbertragen und dort gespeichert.<\/p>\n\n\n\n<p>Die Speicherung von Google-Analytics-Cookies und die Nutzung dieses Analyse-Tools erfolgen auf Grundlage von Art. 6 Abs. 1\nlit. f DSGVO. Der Websitebetreiber hat ein berechtigtes Interesse an der Analyse des Nutzerverhaltens, um sowohl sein Webangebot als\nauch seine Werbung zu optimieren. Sofern eine entsprechende Einwilligung\nabgefragt wurde (z. B. eine Einwilligung zur Speicherung von Cookies), erfolgt\ndie Verarbeitung ausschlie\u00dflich auf Grundlage von Art. 6 Abs. 1 lit. a DSGVO;\ndie Einwilligung ist jederzeit widerrufbar.<\/p>\n\n\n\n<h3 class=\"wp-block-heading\">IP Anonymisierung<\/h3>\n\n\n\n<p>Wir haben auf\ndieser Website die Funktion IP-Anonymisierung aktiviert. Dadurch wird Ihre\nIP-Adresse von Google innerhalb von Mitgliedstaaten der Europ\u00e4ischen Union oder\nin anderen Vertragsstaaten des Abkommens \u00fcber den Europ\u00e4ischen Wirtschaftsraum\nvor der \u00dcbermittlung in die USA gek\u00fcrzt. Nur in Ausnahmef\u00e4llen wird die volle\nIP-Adresse an einen Server von Google in den USA \u00fcbertragen und dort gek\u00fcrzt.\nIm Auftrag des Betreibers dieser Website wird Google diese Informationen\nbenutzen, um Ihre Nutzung der Website auszuwerten, um Reports \u00fcber die\nWebsiteaktivit\u00e4ten zusammenzustellen und um weitere mit der Websitenutzung und\nder Internetnutzung verbundene Dienstleistungen gegen\u00fcber dem Websitebetreiber\nzu erbringen. Die im Rahmen von Google Analytics von Ihrem Browser \u00fcbermittelte\nIP-Adresse wird nicht mit anderen Daten von Google zusammengef\u00fchrt.<\/p>\n\n\n\n<h3 class=\"wp-block-heading\">Browser Plugin<\/h3>\n\n\n\n<p>Sie k\u00f6nnen die Speicherung der Cookies durch eine entsprechende Einstellung Ihrer Browser-Software verhindern; wir weisen Sie jedoch darauf hin, dass Sie in diesem Fall gegebenenfalls nicht s\u00e4mtliche Funktionen dieser Website vollumf\u00e4nglich werden nutzen k\u00f6nnen. Sie k\u00f6nnen dar\u00fcber hinaus die Erfassung der durch den Cookie erzeugten und auf Ihre Nutzung der Website bezogenen Daten (inkl. Ihrer IP-Adresse) an Google sowie die Verarbeitung dieser Daten durch Google verhindern, indem Sie das unter dem folgenden Link verf\u00fcgbare Browser-Plugin herunterladen und installieren:  https:\/\/tools.google.com\/dlpage\/gaoptout?hl=de.<\/p>\n\n\n\n<h3 class=\"wp-block-heading\">Speicherdauer<\/h3>\n\n\n\n<p>Bei Google gespeicherte Daten auf Nutzer- und Ereignisebene, die mit Cookies, Nutzerkennungen (z. B. User ID) oder Werbe-IDs (z. B. DoubleClick-Cookies, Android-Werbe-ID) verkn\u00fcpft sind, werden nach 50 Monaten anonymisiert bzw. gel\u00f6scht. Details hierzu ersehen Sie unter folgendem Link:  https:\/\/support.google.com\/analytics\/answer\/7667196?hl=de.<\/p>\n\n\n\n<p>Stand: September 2019<\/p>\n","protected":false},"excerpt":{"rendered":"<p>Datenschutzerkl\u00e4rung 1. Datenschutz auf einen Blick Allgemeine Hinweise Die folgenden Hinweise geben einen einfachen \u00dcberblick dar\u00fcber, was mit Ihren personenbezogenen Daten passiert, wenn Sie unsere Website besuchen. Personenbezogene Daten sind alle Daten, mit denen Sie pers\u00f6nlich identifiziert werden k\u00f6nnen. Ausf\u00fchrliche Informationen zum Thema Datenschutz entnehmen Sie unserer unter diesem Text aufgef\u00fchrten Datenschutzerkl\u00e4rung. Datenerfassung auf unserer [&hellip;]<\/p>\n","protected":false},"author":1,"featured_media":0,"parent":0,"menu_order":17,"comment_status":"closed","ping_status":"closed","template":"","meta":{"_seopress_robots_primary_cat":"","_seopress_titles_title":"Datenschutzerkl\u00e4rung der Pieter van Weenen &amp; Co. GmbH","_seopress_titles_desc":"","_seopress_robots_index":"yes","site-sidebar-layout":"default","site-content-layout":"plain-container","ast-site-content-layout":"normal-width-container","site-content-style":"unboxed","site-sidebar-style":"unboxed","ast-global-header-display":"","ast-banner-title-visibility":"","ast-main-header-display":"","ast-hfb-above-header-display":"","ast-hfb-below-header-display":"","ast-hfb-mobile-header-display":"","site-post-title":"disabled","ast-breadcrumbs-content":"","ast-featured-img":"","footer-sml-layout":"","ast-disable-related-posts":"","theme-transparent-header-meta":"default","adv-header-id-meta":"","stick-header-meta":"default","header-above-stick-meta":"","header-main-stick-meta":"","header-below-stick-meta":"","astra-migrate-meta-layouts":"set","ast-page-background-enabled":"default","ast-page-background-meta":{"desktop":{"background-color":"","background-image":"","background-repeat":"repeat","background-position":"center center","background-size":"auto","background-attachment":"scroll","background-type":"","background-media":"","overlay-type":"","overlay-color":"","overlay-opacity":"","overlay-gradient":""},"tablet":{"background-color":"","background-image":"","background-repeat":"repeat","background-position":"center center","background-size":"auto","background-attachment":"scroll","background-type":"","background-media":"","overlay-type":"","overlay-color":"","overlay-opacity":"","overlay-gradient":""},"mobile":{"background-color":"","background-image":"","background-repeat":"repeat","background-position":"center center","background-size":"auto","background-attachment":"scroll","background-type":"","background-media":"","overlay-type":"","overlay-color":"","overlay-opacity":"","overlay-gradient":""}},"ast-content-background-meta":{"desktop":{"background-color":"var(--ast-global-color-5)","background-image":"","background-repeat":"repeat","background-position":"center center","background-size":"auto","background-attachment":"scroll","background-type":"","background-media":"","overlay-type":"","overlay-color":"","overlay-opacity":"","overlay-gradient":""},"tablet":{"background-color":"var(--ast-global-color-5)","background-image":"","background-repeat":"repeat","background-position":"center center","background-size":"auto","background-attachment":"scroll","background-type":"","background-media":"","overlay-type":"","overlay-color":"","overlay-opacity":"","overlay-gradient":""},"mobile":{"background-color":"var(--ast-global-color-5)","background-image":"","background-repeat":"repeat","background-position":"center center","background-size":"auto","background-attachment":"scroll","background-type":"","background-media":"","overlay-type":"","overlay-color":"","overlay-opacity":"","overlay-gradient":""}},"footnotes":""},"class_list":["post-53","page","type-page","status-publish","hentry"],"_links":{"self":[{"href":"https:\/\/www.patent-marketing.com\/de\/wp-json\/wp\/v2\/pages\/53","targetHints":{"allow":["GET"]}}],"collection":[{"href":"https:\/\/www.patent-marketing.com\/de\/wp-json\/wp\/v2\/pages"}],"about":[{"href":"https:\/\/www.patent-marketing.com\/de\/wp-json\/wp\/v2\/types\/page"}],"author":[{"embeddable":true,"href":"https:\/\/www.patent-marketing.com\/de\/wp-json\/wp\/v2\/users\/1"}],"replies":[{"embeddable":true,"href":"https:\/\/www.patent-marketing.com\/de\/wp-json\/wp\/v2\/comments?post=53"}],"version-history":[{"count":11,"href":"https:\/\/www.patent-marketing.com\/de\/wp-json\/wp\/v2\/pages\/53\/revisions"}],"predecessor-version":[{"id":876,"href":"https:\/\/www.patent-marketing.com\/de\/wp-json\/wp\/v2\/pages\/53\/revisions\/876"}],"wp:attachment":[{"href":"https:\/\/www.patent-marketing.com\/de\/wp-json\/wp\/v2\/media?parent=53"}],"curies":[{"name":"wp","href":"https:\/\/api.w.org\/{rel}","templated":true}]}}