{"id":49,"date":"2019-08-13T15:41:25","date_gmt":"2019-08-13T13:41:25","guid":{"rendered":"http:\/\/www.patent-marketing.com\/portfolio\/containertransport\/"},"modified":"2023-11-13T10:16:55","modified_gmt":"2023-11-13T09:16:55","slug":"containertransport","status":"publish","type":"page","link":"https:\/\/www.patent-marketing.com\/de\/portfolio\/containertransport\/","title":{"rendered":"Containertransport"},"content":{"rendered":"\t\t<div data-elementor-type=\"wp-post\" data-elementor-id=\"49\" class=\"elementor elementor-49\" data-elementor-post-type=\"page\">\n\t\t\t\t\t\t<section class=\"elementor-section elementor-top-section elementor-element elementor-element-5d2faa24 elementor-section-boxed elementor-section-height-default elementor-section-height-default elementor-invisible\" data-id=\"5d2faa24\" data-element_type=\"section\" data-e-type=\"section\" data-settings=\"{&quot;animation&quot;:&quot;fadeIn&quot;}\">\n\t\t\t\t\t\t<div class=\"elementor-container elementor-column-gap-wide\">\n\t\t\t\t\t<div class=\"elementor-column elementor-col-100 elementor-top-column elementor-element elementor-element-6260d206\" data-id=\"6260d206\" data-element_type=\"column\" data-e-type=\"column\">\n\t\t\t<div class=\"elementor-widget-wrap elementor-element-populated\">\n\t\t\t\t\t\t<div class=\"elementor-element elementor-element-1bf43e99 elementor-widget elementor-widget-heading\" data-id=\"1bf43e99\" data-element_type=\"widget\" data-e-type=\"widget\" data-widget_type=\"heading.default\">\n\t\t\t\t<div class=\"elementor-widget-container\">\n\t\t\t\t\t<h1 class=\"elementor-heading-title elementor-size-default\">Containertransport\u200b<\/h1>\t\t\t\t<\/div>\n\t\t\t\t<\/div>\n\t\t\t\t<div class=\"elementor-element elementor-element-a2c5251 elementor-widget elementor-widget-heading\" data-id=\"a2c5251\" data-element_type=\"widget\" data-e-type=\"widget\" data-widget_type=\"heading.default\">\n\t\t\t\t<div class=\"elementor-widget-container\">\n\t\t\t\t\t<h2 class=\"elementor-heading-title elementor-size-default\">Starre und kraftschl\u00fcssige Kopplungselemente.<\/h2>\t\t\t\t<\/div>\n\t\t\t\t<\/div>\n\t\t\t\t<section class=\"elementor-section elementor-inner-section elementor-element elementor-element-36d7556a elementor-columns-alignment-fix-enabled elementor-section-boxed elementor-section-height-default elementor-section-height-default\" data-id=\"36d7556a\" data-element_type=\"section\" data-e-type=\"section\">\n\t\t\t\t\t\t<div class=\"elementor-container elementor-column-gap-wide\">\n\t\t\t\t\t<div class=\"elementor-column elementor-col-50 elementor-inner-column elementor-element elementor-element-29048030\" data-id=\"29048030\" data-element_type=\"column\" data-e-type=\"column\">\n\t\t\t<div class=\"elementor-widget-wrap elementor-element-populated\">\n\t\t\t\t\t\t<div class=\"elementor-element elementor-element-7dccad29 elementor-widget elementor-widget-text-editor\" data-id=\"7dccad29\" data-element_type=\"widget\" data-e-type=\"widget\" data-widget_type=\"text-editor.default\">\n\t\t\t\t<div class=\"elementor-widget-container\">\n\t\t\t\t\t\t\t\t\t<p><strong>Ein Unternehmer aus der Logistikbranche hatte eine einzigartige Idee:<\/strong><\/p><p class=\"p1\"><span class=\"s1\">Quick-Tie Kopplungselemente sorgen f\u00fcr eine starre und kraftschl\u00fcssige Verbindung von ISO Container. Nach der Kopplung k\u00f6nnen sie wie ein einziger \u201egro\u00dfer\u201c Container gehandhabt werden.<\/span><\/p><p class=\"p1\"><span class=\"s1\">Damit k\u00f6nnen Handling Kosten reduziert werden und es lassen sich neue M\u00f6glichkeiten zum containergerechten Transport von Anlagen realisieren.<\/span><\/p>\t\t\t\t\t\t\t\t<\/div>\n\t\t\t\t<\/div>\n\t\t\t\t<div class=\"elementor-element elementor-element-2f735cf elementor-widget elementor-widget-text-editor\" data-id=\"2f735cf\" data-element_type=\"widget\" data-e-type=\"widget\" data-widget_type=\"text-editor.default\">\n\t\t\t\t<div class=\"elementor-widget-container\">\n\t\t\t\t\t\t\t\t\t<ul><li>2 x 20&#8243; Container zu 1 x 40&#8243; Container oder<\/li><li>2 x 10&#8243; Container zu 1 x 20&#8243; Container<\/li><\/ul>\t\t\t\t\t\t\t\t<\/div>\n\t\t\t\t<\/div>\n\t\t\t\t<div class=\"elementor-element elementor-element-3feeca6 elementor-widget elementor-widget-text-editor\" data-id=\"3feeca6\" data-element_type=\"widget\" data-e-type=\"widget\" data-widget_type=\"text-editor.default\">\n\t\t\t\t<div class=\"elementor-widget-container\">\n\t\t\t\t\t\t\t\t\t<p>Gekoppelte Container passen in herk\u00f6mmliche Hebesysteme.<\/p><p>Detaillierte Informationen finden Sie unter<br \/><a href=\"https:\/\/www.containerkopplung.de\/\" target=\"_blank\" rel=\"noopener\">www.containerkopplung.de<\/a>.<\/p>\t\t\t\t\t\t\t\t<\/div>\n\t\t\t\t<\/div>\n\t\t\t\t\t<\/div>\n\t\t<\/div>\n\t\t\t\t<div class=\"elementor-column elementor-col-50 elementor-inner-column elementor-element elementor-element-23d97a76\" data-id=\"23d97a76\" data-element_type=\"column\" data-e-type=\"column\">\n\t\t\t<div class=\"elementor-widget-wrap elementor-element-populated\">\n\t\t\t\t\t\t<div class=\"elementor-element elementor-element-2594037 elementor-widget elementor-widget-image\" data-id=\"2594037\" data-element_type=\"widget\" data-e-type=\"widget\" data-widget_type=\"image.default\">\n\t\t\t\t<div class=\"elementor-widget-container\">\n\t\t\t\t\t\t\t\t\t\t\t\t\t\t\t\t<a href=\"https:\/\/www.containerkopplung.de\/\" target=\"_blank\">\n\t\t\t\t\t\t\t<img fetchpriority=\"high\" decoding=\"async\" width=\"611\" height=\"354\" src=\"https:\/\/www.patent-marketing.com\/wp-content\/uploads\/2019\/08\/img_QT_startseite.jpg\" class=\"attachment-large size-large wp-image-284\" alt=\"\" \/>\t\t\t\t\t\t\t\t<\/a>\n\t\t\t\t\t\t\t\t\t\t\t\t\t\t\t<\/div>\n\t\t\t\t<\/div>\n\t\t\t\t\t<\/div>\n\t\t<\/div>\n\t\t\t\t\t<\/div>\n\t\t<\/section>\n\t\t\t\t\t<\/div>\n\t\t<\/div>\n\t\t\t\t\t<\/div>\n\t\t<\/section>\n\t\t\t\t<\/div>\n\t\t","protected":false},"excerpt":{"rendered":"<p>Containertransport\u200b Starre und kraftschl\u00fcssige Kopplungselemente. Ein Unternehmer aus der Logistikbranche hatte eine einzigartige Idee: Quick-Tie Kopplungselemente sorgen f\u00fcr eine starre und kraftschl\u00fcssige Verbindung von ISO Container. Nach der Kopplung k\u00f6nnen sie wie ein einziger \u201egro\u00dfer\u201c Container gehandhabt werden. Damit k\u00f6nnen Handling Kosten reduziert werden und es lassen sich neue M\u00f6glichkeiten zum containergerechten Transport von Anlagen [&hellip;]<\/p>\n","protected":false},"author":1,"featured_media":0,"parent":38,"menu_order":13,"comment_status":"closed","ping_status":"closed","template":"","meta":{"_seopress_robots_primary_cat":"","_seopress_titles_title":"Container Kopplungssysteme f\u00fcr ISO Container | Pieter van Weenen &amp; Co.","_seopress_titles_desc":"Quick-Tie Kopplungssysteme als Verbindung von ISO Containern. \u27a4Jetzt Details ansehen und mehr erfahren!","_seopress_robots_index":"","site-sidebar-layout":"no-sidebar","site-content-layout":"page-builder","ast-site-content-layout":"default","site-content-style":"default","site-sidebar-style":"default","ast-global-header-display":"","ast-banner-title-visibility":"","ast-main-header-display":"","ast-hfb-above-header-display":"","ast-hfb-below-header-display":"","ast-hfb-mobile-header-display":"","site-post-title":"disabled","ast-breadcrumbs-content":"","ast-featured-img":"disabled","footer-sml-layout":"","ast-disable-related-posts":"","theme-transparent-header-meta":"default","adv-header-id-meta":"","stick-header-meta":"default","header-above-stick-meta":"","header-main-stick-meta":"","header-below-stick-meta":"","astra-migrate-meta-layouts":"default","ast-page-background-enabled":"default","ast-page-background-meta":{"desktop":{"background-color":"","background-image":"","background-repeat":"repeat","background-position":"center center","background-size":"auto","background-attachment":"scroll","background-type":"","background-media":"","overlay-type":"","overlay-color":"","overlay-opacity":"","overlay-gradient":""},"tablet":{"background-color":"","background-image":"","background-repeat":"repeat","background-position":"center center","background-size":"auto","background-attachment":"scroll","background-type":"","background-media":"","overlay-type":"","overlay-color":"","overlay-opacity":"","overlay-gradient":""},"mobile":{"background-color":"","background-image":"","background-repeat":"repeat","background-position":"center center","background-size":"auto","background-attachment":"scroll","background-type":"","background-media":"","overlay-type":"","overlay-color":"","overlay-opacity":"","overlay-gradient":""}},"ast-content-background-meta":{"desktop":{"background-color":"var(--ast-global-color-5)","background-image":"","background-repeat":"repeat","background-position":"center center","background-size":"auto","background-attachment":"scroll","background-type":"","background-media":"","overlay-type":"","overlay-color":"","overlay-opacity":"","overlay-gradient":""},"tablet":{"background-color":"var(--ast-global-color-5)","background-image":"","background-repeat":"repeat","background-position":"center center","background-size":"auto","background-attachment":"scroll","background-type":"","background-media":"","overlay-type":"","overlay-color":"","overlay-opacity":"","overlay-gradient":""},"mobile":{"background-color":"var(--ast-global-color-5)","background-image":"","background-repeat":"repeat","background-position":"center center","background-size":"auto","background-attachment":"scroll","background-type":"","background-media":"","overlay-type":"","overlay-color":"","overlay-opacity":"","overlay-gradient":""}},"footnotes":""},"class_list":["post-49","page","type-page","status-publish","hentry"],"_links":{"self":[{"href":"https:\/\/www.patent-marketing.com\/de\/wp-json\/wp\/v2\/pages\/49","targetHints":{"allow":["GET"]}}],"collection":[{"href":"https:\/\/www.patent-marketing.com\/de\/wp-json\/wp\/v2\/pages"}],"about":[{"href":"https:\/\/www.patent-marketing.com\/de\/wp-json\/wp\/v2\/types\/page"}],"author":[{"embeddable":true,"href":"https:\/\/www.patent-marketing.com\/de\/wp-json\/wp\/v2\/users\/1"}],"replies":[{"embeddable":true,"href":"https:\/\/www.patent-marketing.com\/de\/wp-json\/wp\/v2\/comments?post=49"}],"version-history":[{"count":12,"href":"https:\/\/www.patent-marketing.com\/de\/wp-json\/wp\/v2\/pages\/49\/revisions"}],"predecessor-version":[{"id":827,"href":"https:\/\/www.patent-marketing.com\/de\/wp-json\/wp\/v2\/pages\/49\/revisions\/827"}],"up":[{"embeddable":true,"href":"https:\/\/www.patent-marketing.com\/de\/wp-json\/wp\/v2\/pages\/38"}],"wp:attachment":[{"href":"https:\/\/www.patent-marketing.com\/de\/wp-json\/wp\/v2\/media?parent=49"}],"curies":[{"name":"wp","href":"https:\/\/api.w.org\/{rel}","templated":true}]}}