{"id":41,"date":"2019-08-13T15:41:25","date_gmt":"2019-08-13T13:41:25","guid":{"rendered":"http:\/\/www.patent-marketing.com\/leistungen\/patente\/"},"modified":"2019-09-19T09:11:21","modified_gmt":"2019-09-19T07:11:21","slug":"patente","status":"publish","type":"page","link":"https:\/\/www.patent-marketing.com\/de\/leistungen\/patente\/","title":{"rendered":"Patente"},"content":{"rendered":"\t\t<div data-elementor-type=\"wp-post\" data-elementor-id=\"41\" class=\"elementor elementor-41\" data-elementor-post-type=\"page\">\n\t\t\t\t\t\t<section class=\"elementor-section elementor-top-section elementor-element elementor-element-fcae282 elementor-section-boxed elementor-section-height-default elementor-section-height-default elementor-invisible\" data-id=\"fcae282\" data-element_type=\"section\" data-e-type=\"section\" data-settings=\"{&quot;animation&quot;:&quot;fadeIn&quot;}\">\n\t\t\t\t\t\t<div class=\"elementor-container elementor-column-gap-wide\">\n\t\t\t\t\t<div class=\"elementor-column elementor-col-100 elementor-top-column elementor-element elementor-element-f051242\" data-id=\"f051242\" data-element_type=\"column\" data-e-type=\"column\">\n\t\t\t<div class=\"elementor-widget-wrap elementor-element-populated\">\n\t\t\t\t\t\t<div class=\"elementor-element elementor-element-0336787 elementor-widget elementor-widget-heading\" data-id=\"0336787\" data-element_type=\"widget\" data-e-type=\"widget\" data-widget_type=\"heading.default\">\n\t\t\t\t<div class=\"elementor-widget-container\">\n\t\t\t\t\t<h1 class=\"elementor-heading-title elementor-size-default\">Patente<\/h1>\t\t\t\t<\/div>\n\t\t\t\t<\/div>\n\t\t\t\t<div class=\"elementor-element elementor-element-3615efe elementor-widget elementor-widget-heading\" data-id=\"3615efe\" data-element_type=\"widget\" data-e-type=\"widget\" data-widget_type=\"heading.default\">\n\t\t\t\t<div class=\"elementor-widget-container\">\n\t\t\t\t\t<h2 class=\"elementor-heading-title elementor-size-default\">Erfolgreiche Patentvermarktung.<\/h2>\t\t\t\t<\/div>\n\t\t\t\t<\/div>\n\t\t\t\t<div class=\"elementor-element elementor-element-bd33491 elementor-widget elementor-widget-text-editor\" data-id=\"bd33491\" data-element_type=\"widget\" data-e-type=\"widget\" data-widget_type=\"text-editor.default\">\n\t\t\t\t<div class=\"elementor-widget-container\">\n\t\t\t\t\t\t\t\t\t<p class=\"p1\"><span class=\"s1\"><b>Die erfolgreiche Vermarktung eines Patentes folgt unserem klar strukturierten Ablauf, der hier in unserem Leitfaden dargestellt wird.<\/b><\/span><\/p>\t\t\t\t\t\t\t\t<\/div>\n\t\t\t\t<\/div>\n\t\t\t\t<div class=\"elementor-element elementor-element-646c1d0 elementor-widget elementor-widget-global elementor-global-252 elementor-widget-jet-horizontal-timeline\" data-id=\"646c1d0\" data-element_type=\"widget\" data-e-type=\"widget\" data-settings=\"{&quot;columns&quot;:2,&quot;columns_tablet&quot;:2,&quot;columns_mobile&quot;:1,&quot;slides_to_scroll&quot;:&quot;1&quot;}\" data-widget_type=\"jet-horizontal-timeline.default\">\n\t\t\t\t<div class=\"elementor-widget-container\">\n\t\t\t\t\t<div class=\"elementor-jet-horizontal-timeline jet-elements\">\n<div class=\"jet-hor-timeline jet-hor-timeline--layout-bottom jet-hor-timeline--align-left jet-hor-timeline--arrows-nav\">\n\t<div class=\"jet-hor-timeline-inner\">\n\t\t<div class=\"jet-hor-timeline-track\">\n\t\t\t<div class=\"jet-hor-timeline-list jet-hor-timeline-list--top\">\n<div class=\"jet-hor-timeline-item elementor-repeater-item-143336a\" data-item-id=\"143336a\">\n\t<\/div>\n\n<div class=\"jet-hor-timeline-item elementor-repeater-item-302aad7\" data-item-id=\"302aad7\">\n\t<\/div>\n\n<div class=\"jet-hor-timeline-item elementor-repeater-item-935b7f6\" data-item-id=\"935b7f6\">\n\t<\/div>\n\n<div class=\"jet-hor-timeline-item elementor-repeater-item-89867aa\" data-item-id=\"89867aa\">\n\t<\/div>\n\n<div class=\"jet-hor-timeline-item elementor-repeater-item-4f3e1e6\" data-item-id=\"4f3e1e6\">\n\t<\/div>\n\n<div class=\"jet-hor-timeline-item elementor-repeater-item-126b9a6\" data-item-id=\"126b9a6\">\n\t<\/div>\n\n<div class=\"jet-hor-timeline-item elementor-repeater-item-8bd1520\" data-item-id=\"8bd1520\">\n\t<\/div>\n\n<div class=\"jet-hor-timeline-item elementor-repeater-item-f4e0010\" data-item-id=\"f4e0010\">\n\t<\/div>\n\n<div class=\"jet-hor-timeline-item elementor-repeater-item-dc4b554\" data-item-id=\"dc4b554\">\n\t<\/div>\n<\/div>\t\t\t<div class=\"jet-hor-timeline-list jet-hor-timeline-list--middle\">\n\t<div class=\"jet-hor-timeline__line\"><\/div>\n\n<div class=\"jet-hor-timeline-item elementor-repeater-item-143336a\" data-item-id=\"143336a\">\n\t<div class=\"jet-hor-timeline-item__point\"><div class=\"jet-hor-timeline-item__point-content\">1<\/div><\/div><\/div>\n\n<div class=\"jet-hor-timeline-item elementor-repeater-item-302aad7\" data-item-id=\"302aad7\">\n\t<div class=\"jet-hor-timeline-item__point\"><div class=\"jet-hor-timeline-item__point-content\">2<\/div><\/div><\/div>\n\n<div class=\"jet-hor-timeline-item elementor-repeater-item-935b7f6\" data-item-id=\"935b7f6\">\n\t<div class=\"jet-hor-timeline-item__point\"><div class=\"jet-hor-timeline-item__point-content\">3<\/div><\/div><\/div>\n\n<div class=\"jet-hor-timeline-item elementor-repeater-item-89867aa\" data-item-id=\"89867aa\">\n\t<div class=\"jet-hor-timeline-item__point\"><div class=\"jet-hor-timeline-item__point-content\">4<\/div><\/div><\/div>\n\n<div class=\"jet-hor-timeline-item elementor-repeater-item-4f3e1e6\" data-item-id=\"4f3e1e6\">\n\t<div class=\"jet-hor-timeline-item__point\"><div class=\"jet-hor-timeline-item__point-content\">5<\/div><\/div><\/div>\n\n<div class=\"jet-hor-timeline-item elementor-repeater-item-126b9a6\" data-item-id=\"126b9a6\">\n\t<div class=\"jet-hor-timeline-item__point\"><div class=\"jet-hor-timeline-item__point-content\">6<\/div><\/div><\/div>\n\n<div class=\"jet-hor-timeline-item elementor-repeater-item-8bd1520\" data-item-id=\"8bd1520\">\n\t<div class=\"jet-hor-timeline-item__point\"><div class=\"jet-hor-timeline-item__point-content\">7<\/div><\/div><\/div>\n\n<div class=\"jet-hor-timeline-item elementor-repeater-item-f4e0010\" data-item-id=\"f4e0010\">\n\t<div class=\"jet-hor-timeline-item__point\"><div class=\"jet-hor-timeline-item__point-content\">8<\/div><\/div><\/div>\n\n<div class=\"jet-hor-timeline-item elementor-repeater-item-dc4b554\" data-item-id=\"dc4b554\">\n\t<div class=\"jet-hor-timeline-item__point\"><div class=\"jet-hor-timeline-item__point-content\">9<\/div><\/div><\/div>\n<\/div>\t\t\t<div class=\"jet-hor-timeline-list jet-hor-timeline-list--bottom\">\n<div class=\"jet-hor-timeline-item elementor-repeater-item-143336a\" data-item-id=\"143336a\">\n\t\n<div class=\"jet-hor-timeline-item__card\">\n\t<div class=\"jet-hor-timeline-item__card-inner\">\n\t\t<h5 class=\"jet-hor-timeline-item__card-title\">Prototypen bauen<\/h5><div class=\"jet-hor-timeline-item__card-desc\">Die erste Version des Produktes kann ein einfaches Handmuster sein, welches dann in mehreren Optimierungsschritten zu einem Prototyp entwickelt wird, der funktionsf\u00e4hig und f\u00fcr Tests geeignet ist. H\u00e4ufig lassen sich Komponenten schnell im 3D-Druck herstellen.<\/div>\t<\/div>\n\t\t\t<div class=\"jet-hor-timeline-item__card-arrow\"><\/div>\n\t<\/div>\n<\/div>\n\n<div class=\"jet-hor-timeline-item elementor-repeater-item-302aad7\" data-item-id=\"302aad7\">\n\t\n<div class=\"jet-hor-timeline-item__card\">\n\t<div class=\"jet-hor-timeline-item__card-inner\">\n\t\t<h5 class=\"jet-hor-timeline-item__card-title\">Patent, Gebrauchs- oder Geschmacksmuster<\/h5><div class=\"jet-hor-timeline-item__card-desc\">Mit einem Patent wird eine technische Erfindung gesch\u00fctzt, die es im bisherigen Stand der Technik noch nicht gibt. Um dies festzustellen, wird die Erfindung gepr\u00fcft. \n<br><br>\nAuch das Gebrauchsmuster muss neu und erfinderisch sein. Es erfolgt lediglich eine Eintragung ohne Pr\u00fcfung, Verfahren werden nicht eingetragen. Mit dem Geschmacksmuster wird das Design nach formeller Pr\u00fcfung gesch\u00fctzt.<\/div>\t<\/div>\n\t\t\t<div class=\"jet-hor-timeline-item__card-arrow\"><\/div>\n\t<\/div>\n<\/div>\n\n<div class=\"jet-hor-timeline-item elementor-repeater-item-935b7f6\" data-item-id=\"935b7f6\">\n\t\n<div class=\"jet-hor-timeline-item__card\">\n\t<div class=\"jet-hor-timeline-item__card-inner\">\n\t\t<h5 class=\"jet-hor-timeline-item__card-title\">Anforderungen der Verwender erf\u00fcllen<\/h5><div class=\"jet-hor-timeline-item__card-desc\">Das neue Produkt muss einen wesentlichen Vorteil im Kundennutzen erf\u00fcllen und auch das entsprechende Preis-\/Leistungsverh\u00e4ltnis haben. Nach der Anmeldung sollten schnellstm\u00f6glich Verwendertests durchgef\u00fchrt werden.<\/div>\t<\/div>\n\t\t\t<div class=\"jet-hor-timeline-item__card-arrow\"><\/div>\n\t<\/div>\n<\/div>\n\n<div class=\"jet-hor-timeline-item elementor-repeater-item-89867aa\" data-item-id=\"89867aa\">\n\t\n<div class=\"jet-hor-timeline-item__card\">\n\t<div class=\"jet-hor-timeline-item__card-inner\">\n\t\t<h5 class=\"jet-hor-timeline-item__card-title\">Markt richtig einsch\u00e4tzen<\/h5><div class=\"jet-hor-timeline-item__card-desc\">Dazu geh\u00f6ren eine kritische Wettbewerbsanalyse und die Sch\u00e4tzung des Marktvolumens. Mit welchen Produkten wird die Erfindung in direktem Wettbewerb stehen und was kostet es den Endverbraucher? Wird der Mehrwert auch honoriert?<\/div>\t<\/div>\n\t\t\t<div class=\"jet-hor-timeline-item__card-arrow\"><\/div>\n\t<\/div>\n<\/div>\n\n<div class=\"jet-hor-timeline-item elementor-repeater-item-4f3e1e6\" data-item-id=\"4f3e1e6\">\n\t\n<div class=\"jet-hor-timeline-item__card\">\n\t<div class=\"jet-hor-timeline-item__card-inner\">\n\t\t<h5 class=\"jet-hor-timeline-item__card-title\">Serienreif vor Markteinf\u00fchrung<\/h5><div class=\"jet-hor-timeline-item__card-desc\">Das Produkt muss serientauglich entwickelt sein und 100%ig funktionieren. Das Erscheinungsbild muss einwandfrei sein.<\/div>\t<\/div>\n\t\t\t<div class=\"jet-hor-timeline-item__card-arrow\"><\/div>\n\t<\/div>\n<\/div>\n\n<div class=\"jet-hor-timeline-item elementor-repeater-item-126b9a6\" data-item-id=\"126b9a6\">\n\t\n<div class=\"jet-hor-timeline-item__card\">\n\t<div class=\"jet-hor-timeline-item__card-inner\">\n\t\t<h5 class=\"jet-hor-timeline-item__card-title\">Eigenproduktion oder Lizenz?<\/h5><div class=\"jet-hor-timeline-item__card-desc\">Ist ausreichend Kapital und Erfahrung f\u00fcr einen Start in Eigenregie vorhanden? Der Aufwand der Markteinf\u00fchrung ist in der Regel mehr als 3 x so hoch wie der Entwicklungsaufwand.<\/div>\t<\/div>\n\t\t\t<div class=\"jet-hor-timeline-item__card-arrow\"><\/div>\n\t<\/div>\n<\/div>\n\n<div class=\"jet-hor-timeline-item elementor-repeater-item-8bd1520\" data-item-id=\"8bd1520\">\n\t\n<div class=\"jet-hor-timeline-item__card\">\n\t<div class=\"jet-hor-timeline-item__card-inner\">\n\t\t<h5 class=\"jet-hor-timeline-item__card-title\">Barrieren bei potentiellem Lizenznehmer<\/h5><div class=\"jet-hor-timeline-item__card-desc\">Bei Verhandlungen \u00fcber eine Lizenzvergabe empfehlen wir professionelle Unterst\u00fctzung. Die Verhandlung der Lizenz und die \u00dcberzeugung des Lizenznehmers erfordert Verhandlungsgeschick.<\/div>\t<\/div>\n\t\t\t<div class=\"jet-hor-timeline-item__card-arrow\"><\/div>\n\t<\/div>\n<\/div>\n\n<div class=\"jet-hor-timeline-item elementor-repeater-item-f4e0010\" data-item-id=\"f4e0010\">\n\t\n<div class=\"jet-hor-timeline-item__card\">\n\t<div class=\"jet-hor-timeline-item__card-inner\">\n\t\t<h5 class=\"jet-hor-timeline-item__card-title\">Kapital zur Realisierung<\/h5><div class=\"jet-hor-timeline-item__card-desc\">Wir empfehlen, mit Hilfe von spezialisierten Beratern F\u00f6rderprogramme zu pr\u00fcfen. Am einfachsten ist nat\u00fcrlich die Eigenfinanzierung.<\/div>\t<\/div>\n\t\t\t<div class=\"jet-hor-timeline-item__card-arrow\"><\/div>\n\t<\/div>\n<\/div>\n\n<div class=\"jet-hor-timeline-item elementor-repeater-item-dc4b554\" data-item-id=\"dc4b554\">\n\t\n<div class=\"jet-hor-timeline-item__card\">\n\t<div class=\"jet-hor-timeline-item__card-inner\">\n\t\t<h5 class=\"jet-hor-timeline-item__card-title\">Unternehmerische Entscheidungen treffen<\/h5><div class=\"jet-hor-timeline-item__card-desc\">Die Lizenzverhandlung ist ein stark kaufm\u00e4nnisch gepr\u00e4gter Vorgang. Wir empfehlen ein Zusammenwirken von Einstiegsbetr\u00e4gen, Mindestlizenzen und variablen Lizenzgeb\u00fchren.<\/div>\t<\/div>\n\t\t\t<div class=\"jet-hor-timeline-item__card-arrow\"><\/div>\n\t<\/div>\n<\/div>\n<\/div>\t\t<\/div>\n\t<\/div>\n\t<i class=\"jet-arrow jet-prev-arrow jet-arrow-disabled\"><svg width=\"24\" height=\"24\" viewBox=\"0 0 24 24\" fill=\"none\" xmlns=\"http:\/\/www.w3.org\/2000\/svg\"><path d=\"M8.25 11.9751L13.075 16.8251L14.625 15.2251L11.375 11.9751L14.625 8.7251L13.075 7.1251L8.25 11.9751ZM1.35 12.0001C1.35 10.4834 1.62083 9.0751 2.1625 7.7751C2.70417 6.4751 3.45 5.3501 4.4 4.4001C5.35 3.4501 6.475 2.70426 7.775 2.1626C9.075 1.62093 10.4833 1.3501 12 1.3501C13.4833 1.3501 14.8708 1.62093 16.1625 2.1626C17.4542 2.70426 18.5792 3.4501 19.5375 4.4001C20.4958 5.3501 21.25 6.4751 21.8 7.7751C22.35 9.0751 22.625 10.4834 22.625 12.0001C22.625 13.4834 22.35 14.8709 21.8 16.1626C21.25 17.4543 20.4958 18.5793 19.5375 19.5376C18.5792 20.4959 17.4542 21.2501 16.1625 21.8001C14.8708 22.3501 13.475 22.6251 11.975 22.6251C10.475 22.6251 9.075 22.3501 7.775 21.8001C6.475 21.2501 5.35 20.4959 4.4 19.5376C3.45 18.5793 2.70417 17.4543 2.1625 16.1626C1.62083 14.8709 1.35 13.4834 1.35 12.0001Z\" fill=\"#0F172A\"\/><\/svg><\/i><i class=\"jet-arrow jet-next-arrow\"><svg width=\"24\" height=\"24\" viewBox=\"0 0 24 24\" fill=\"none\" xmlns=\"http:\/\/www.w3.org\/2000\/svg\"><path d=\"M15.725 12L10.9 7.15L9.35001 8.75L12.6 12L9.35001 15.25L10.9 16.85L15.725 12ZM22.625 11.975C22.625 13.4917 22.3542 14.9 21.8125 16.2C21.2708 17.5 20.525 18.625 19.575 19.575C18.625 20.525 17.5 21.2708 16.2 21.8125C14.9 22.3542 13.4917 22.625 11.975 22.625C10.4917 22.625 9.10417 22.3542 7.81251 21.8125C6.52084 21.2708 5.39584 20.525 4.43751 19.575C3.47917 18.625 2.72501 17.5 2.17501 16.2C1.62501 14.9 1.35001 13.4917 1.35001 11.975C1.35001 10.4917 1.62501 9.10417 2.17501 7.8125C2.72501 6.52083 3.47917 5.39583 4.43751 4.4375C5.39584 3.47917 6.52084 2.725 7.81251 2.175C9.10417 1.625 10.5 1.35 12 1.35C13.5 1.35 14.9 1.625 16.2 2.175C17.5 2.725 18.625 3.47917 19.575 4.4375C20.525 5.39583 21.2708 6.52083 21.8125 7.8125C22.3542 9.10417 22.625 10.4917 22.625 11.975Z\" fill=\"#0F172A\"\/><\/svg><\/i><\/div><\/div>\t\t\t\t<\/div>\n\t\t\t\t<\/div>\n\t\t\t\t\t<\/div>\n\t\t<\/div>\n\t\t\t\t\t<\/div>\n\t\t<\/section>\n\t\t\t\t<\/div>\n\t\t","protected":false},"excerpt":{"rendered":"<p>Patente Erfolgreiche Patentvermarktung. Die erfolgreiche Vermarktung eines Patentes folgt unserem klar strukturierten Ablauf, der hier in unserem Leitfaden dargestellt wird. 1 2 3 4 5 6 7 8 9 Prototypen bauen Die erste Version des Produktes kann ein einfaches Handmuster sein, welches dann in mehreren Optimierungsschritten zu einem Prototyp entwickelt wird, der funktionsf\u00e4hig und f\u00fcr [&hellip;]<\/p>\n","protected":false},"author":1,"featured_media":0,"parent":37,"menu_order":5,"comment_status":"closed","ping_status":"closed","template":"","meta":{"_seopress_robots_primary_cat":"","_seopress_titles_title":"Patentvermarktung durch erfolgreiche Patentverwertung | Pieter van Weenen &amp; Co.","_seopress_titles_desc":"Erfolgreiche Patentvermarktung dank strukturiertem Ablauf bei Prototyp, Gebrauchsmuster, Geschmackmuster, Wettbewerbsanalyse, Finanzierung &amp; Co. \u27a4Mehr dazu!","_seopress_robots_index":"","site-sidebar-layout":"no-sidebar","site-content-layout":"page-builder","ast-site-content-layout":"default","site-content-style":"default","site-sidebar-style":"default","ast-global-header-display":"","ast-banner-title-visibility":"","ast-main-header-display":"","ast-hfb-above-header-display":"","ast-hfb-below-header-display":"","ast-hfb-mobile-header-display":"","site-post-title":"disabled","ast-breadcrumbs-content":"","ast-featured-img":"disabled","footer-sml-layout":"","ast-disable-related-posts":"","theme-transparent-header-meta":"default","adv-header-id-meta":"","stick-header-meta":"default","header-above-stick-meta":"","header-main-stick-meta":"","header-below-stick-meta":"","astra-migrate-meta-layouts":"default","ast-page-background-enabled":"default","ast-page-background-meta":{"desktop":{"background-color":"","background-image":"","background-repeat":"repeat","background-position":"center center","background-size":"auto","background-attachment":"scroll","background-type":"","background-media":"","overlay-type":"","overlay-color":"","overlay-opacity":"","overlay-gradient":""},"tablet":{"background-color":"","background-image":"","background-repeat":"repeat","background-position":"center center","background-size":"auto","background-attachment":"scroll","background-type":"","background-media":"","overlay-type":"","overlay-color":"","overlay-opacity":"","overlay-gradient":""},"mobile":{"background-color":"","background-image":"","background-repeat":"repeat","background-position":"center center","background-size":"auto","background-attachment":"scroll","background-type":"","background-media":"","overlay-type":"","overlay-color":"","overlay-opacity":"","overlay-gradient":""}},"ast-content-background-meta":{"desktop":{"background-color":"var(--ast-global-color-5)","background-image":"","background-repeat":"repeat","background-position":"center center","background-size":"auto","background-attachment":"scroll","background-type":"","background-media":"","overlay-type":"","overlay-color":"","overlay-opacity":"","overlay-gradient":""},"tablet":{"background-color":"var(--ast-global-color-5)","background-image":"","background-repeat":"repeat","background-position":"center center","background-size":"auto","background-attachment":"scroll","background-type":"","background-media":"","overlay-type":"","overlay-color":"","overlay-opacity":"","overlay-gradient":""},"mobile":{"background-color":"var(--ast-global-color-5)","background-image":"","background-repeat":"repeat","background-position":"center center","background-size":"auto","background-attachment":"scroll","background-type":"","background-media":"","overlay-type":"","overlay-color":"","overlay-opacity":"","overlay-gradient":""}},"footnotes":""},"class_list":["post-41","page","type-page","status-publish","hentry"],"_links":{"self":[{"href":"https:\/\/www.patent-marketing.com\/de\/wp-json\/wp\/v2\/pages\/41","targetHints":{"allow":["GET"]}}],"collection":[{"href":"https:\/\/www.patent-marketing.com\/de\/wp-json\/wp\/v2\/pages"}],"about":[{"href":"https:\/\/www.patent-marketing.com\/de\/wp-json\/wp\/v2\/types\/page"}],"author":[{"embeddable":true,"href":"https:\/\/www.patent-marketing.com\/de\/wp-json\/wp\/v2\/users\/1"}],"replies":[{"embeddable":true,"href":"https:\/\/www.patent-marketing.com\/de\/wp-json\/wp\/v2\/comments?post=41"}],"version-history":[{"count":35,"href":"https:\/\/www.patent-marketing.com\/de\/wp-json\/wp\/v2\/pages\/41\/revisions"}],"predecessor-version":[{"id":527,"href":"https:\/\/www.patent-marketing.com\/de\/wp-json\/wp\/v2\/pages\/41\/revisions\/527"}],"up":[{"embeddable":true,"href":"https:\/\/www.patent-marketing.com\/de\/wp-json\/wp\/v2\/pages\/37"}],"wp:attachment":[{"href":"https:\/\/www.patent-marketing.com\/de\/wp-json\/wp\/v2\/media?parent=41"}],"curies":[{"name":"wp","href":"https:\/\/api.w.org\/{rel}","templated":true}]}}