{"id":37,"date":"2019-08-13T15:41:25","date_gmt":"2019-08-13T13:41:25","guid":{"rendered":"http:\/\/www.patent-marketing.com\/leistungen\/"},"modified":"2023-11-13T10:14:50","modified_gmt":"2023-11-13T09:14:50","slug":"leistungen","status":"publish","type":"page","link":"https:\/\/www.patent-marketing.com\/de\/leistungen\/","title":{"rendered":"Leistungen"},"content":{"rendered":"\t\t<div data-elementor-type=\"wp-post\" data-elementor-id=\"37\" class=\"elementor elementor-37\" data-elementor-post-type=\"page\">\n\t\t\t\t\t\t<section class=\"elementor-section elementor-top-section elementor-element elementor-element-711eebe9 elementor-section-boxed elementor-section-height-default elementor-section-height-default elementor-invisible\" data-id=\"711eebe9\" data-element_type=\"section\" data-e-type=\"section\" data-settings=\"{&quot;animation&quot;:&quot;fadeIn&quot;}\">\n\t\t\t\t\t\t<div class=\"elementor-container elementor-column-gap-wide\">\n\t\t\t\t\t<div class=\"elementor-column elementor-col-100 elementor-top-column elementor-element elementor-element-406dd89e\" data-id=\"406dd89e\" data-element_type=\"column\" data-e-type=\"column\">\n\t\t\t<div class=\"elementor-widget-wrap elementor-element-populated\">\n\t\t\t\t\t\t<div class=\"elementor-element elementor-element-105735a6 elementor-widget elementor-widget-heading\" data-id=\"105735a6\" data-element_type=\"widget\" data-e-type=\"widget\" data-widget_type=\"heading.default\">\n\t\t\t\t<div class=\"elementor-widget-container\">\n\t\t\t\t\t<h1 class=\"elementor-heading-title elementor-size-default\">Wir sind die Experten f\u00fcr Ihre Erfindung!<\/h1>\t\t\t\t<\/div>\n\t\t\t\t<\/div>\n\t\t\t\t<div class=\"elementor-element elementor-element-760500ee elementor-widget elementor-widget-heading\" data-id=\"760500ee\" data-element_type=\"widget\" data-e-type=\"widget\" data-widget_type=\"heading.default\">\n\t\t\t\t<div class=\"elementor-widget-container\">\n\t\t\t\t\t<h2 class=\"elementor-heading-title elementor-size-default\">Leistungen f\u00fcr Ihren Erfolg!<\/h2>\t\t\t\t<\/div>\n\t\t\t\t<\/div>\n\t\t\t\t<section class=\"elementor-section elementor-inner-section elementor-element elementor-element-50f282f elementor-columns-alignment-fix-enabled elementor-section-boxed elementor-section-height-default elementor-section-height-default\" data-id=\"50f282f\" data-element_type=\"section\" data-e-type=\"section\">\n\t\t\t\t\t\t<div class=\"elementor-container elementor-column-gap-wide\">\n\t\t\t\t\t<div class=\"elementor-column elementor-col-50 elementor-inner-column elementor-element elementor-element-2578fb4\" data-id=\"2578fb4\" data-element_type=\"column\" data-e-type=\"column\">\n\t\t\t<div class=\"elementor-widget-wrap elementor-element-populated\">\n\t\t\t\t\t\t<div class=\"elementor-element elementor-element-4e5dbe0f elementor-widget elementor-widget-text-editor\" data-id=\"4e5dbe0f\" data-element_type=\"widget\" data-e-type=\"widget\" data-widget_type=\"text-editor.default\">\n\t\t\t\t<div class=\"elementor-widget-container\">\n\t\t\t\t\t\t\t\t\t<p><strong>Sie haben bereits das Schutzrecht f\u00fcr Ihre Idee erlangt und m\u00f6chten mit Ihrem Vorhaben nun in die Umsetzung gehen? Unsere Serviceleistungen umfassen den kompletten Prozess \u2013 deshalb sind wir von Pieter van Weenen &amp; Co. die Experten, die Ihnen jetzt weiterhelfen k\u00f6nnen!<\/strong><\/p><p>Zun\u00e4chst pr\u00fcfen wir die Chance f\u00fcr eine erfolgreiche Vermarktung Ihres Patents. Im Falle einer positiven Beurteilung arbeiten wir dann ausschlie\u00dflich erfolgsabh\u00e4ngig \u00fcber verschiedene Beteiligungsmodelle.<\/p>\t\t\t\t\t\t\t\t<\/div>\n\t\t\t\t<\/div>\n\t\t\t\t\t<\/div>\n\t\t<\/div>\n\t\t\t\t<div class=\"elementor-column elementor-col-50 elementor-inner-column elementor-element elementor-element-25a9d6a\" data-id=\"25a9d6a\" data-element_type=\"column\" data-e-type=\"column\">\n\t\t\t<div class=\"elementor-widget-wrap elementor-element-populated\">\n\t\t\t\t\t\t<div class=\"elementor-element elementor-element-8dc0cc6 elementor-widget elementor-widget-text-editor\" data-id=\"8dc0cc6\" data-element_type=\"widget\" data-e-type=\"widget\" data-widget_type=\"text-editor.default\">\n\t\t\t\t<div class=\"elementor-widget-container\">\n\t\t\t\t\t\t\t\t\t<p>Die konkreten Leistungen, mit denen wir Sie unterst\u00fctzen, reichen von der ma\u00dfgeschneiderten Prozessplanung \u00fcber die Ausarbeitung Ihrer Prototypenherstellung bis hin zum Kauf von Marken. Mit umfassendem Know-how ist die Pieter van Weenen &amp; Co. GmbH Ihr kompetentes Partnerunternehmen \u2013 f\u00fcr die erfolgreiche Realisierung Ihrer Gesch\u00e4ftsidee!<\/p>\t\t\t\t\t\t\t\t<\/div>\n\t\t\t\t<\/div>\n\t\t\t\t\t<\/div>\n\t\t<\/div>\n\t\t\t\t\t<\/div>\n\t\t<\/section>\n\t\t\t\t\t<\/div>\n\t\t<\/div>\n\t\t\t\t\t<\/div>\n\t\t<\/section>\n\t\t\t\t<section class=\"elementor-section elementor-top-section elementor-element elementor-element-4db9f4f elementor-section-boxed elementor-section-height-default elementor-section-height-default elementor-invisible\" data-id=\"4db9f4f\" data-element_type=\"section\" data-e-type=\"section\" data-settings=\"{&quot;animation&quot;:&quot;fadeIn&quot;}\">\n\t\t\t\t\t\t<div class=\"elementor-container elementor-column-gap-wide\">\n\t\t\t\t\t<div class=\"elementor-column elementor-col-25 elementor-top-column elementor-element elementor-element-2e75b5c\" data-id=\"2e75b5c\" data-element_type=\"column\" data-e-type=\"column\">\n\t\t\t<div class=\"elementor-widget-wrap elementor-element-populated\">\n\t\t\t\t\t\t<div class=\"elementor-element elementor-element-4bed981e elementor-view-default elementor-widget elementor-widget-icon\" data-id=\"4bed981e\" data-element_type=\"widget\" data-e-type=\"widget\" data-widget_type=\"icon.default\">\n\t\t\t\t<div class=\"elementor-widget-container\">\n\t\t\t\t\t\t\t<div class=\"elementor-icon-wrapper\">\n\t\t\t<a class=\"elementor-icon\" href=\"http:\/\/www.patent-marketing.com\/leistungen\/patente\/\">\n\t\t\t<svg xmlns=\"http:\/\/www.w3.org\/2000\/svg\" height=\"100\" viewBox=\"0 0 78 100\" width=\"78\"><g fill=\"#0e7cff\" fill-rule=\"evenodd\"><path d=\"m38.738 0 6.8438 6.8438 7.8945-3.6836 3.6836 8.9492 8.4219-1.0508v9.4727l8.4219 3.1562-3.6836 8.4219 6.8438 5.7891-7.3672 6.8438 4.2109 7.8945-8.9492 3.6836.52734 8.4219h-9.4727l-2.6328 8.4219-8.9492-3.6836-5.7891 6.8438-6.3164-7.3672-7.8945 4.2109-3.6836-8.9492-8.9492.52734.52734-9.4727-8.4219-2.6328 3.6836-8.9492-6.8438-5.7891 6.8438-6.3164-3.6836-7.8945 8.9492-3.6836-1.0508-8.9492 9.4727.52734 3.1562-8.4219 8.4219 3.6836 5.7891-6.8437zm0 11.051c14.738 0 26.844 12.105 26.844 26.844s-12.105 26.316-26.844 26.316-26.316-11.578-26.316-26.316 11.578-26.844 26.316-26.844z\"><\/path><path d=\"m61.895 37.895c0 12.789-10.367 23.156-23.156 23.156-12.793 0-23.16-10.367-23.16-23.156s10.367-23.156 23.16-23.156c12.789 0 23.156 10.367 23.156 23.156\"><\/path><path d=\"m57.156 70.527v29.473l-17.895-11.578-18.418 11.578v-28.949l2.1055 5.793 8.9453-4.7383 7.3672 7.8945 6.3164-7.3672 9.4727 4.2109z\"><\/path><\/g><\/svg>\t\t\t<\/a>\n\t\t<\/div>\n\t\t\t\t\t\t<\/div>\n\t\t\t\t<\/div>\n\t\t\t\t<div class=\"elementor-element elementor-element-1546355 elementor-widget elementor-widget-heading\" data-id=\"1546355\" data-element_type=\"widget\" data-e-type=\"widget\" data-widget_type=\"heading.default\">\n\t\t\t\t<div class=\"elementor-widget-container\">\n\t\t\t\t\t<h3 class=\"elementor-heading-title elementor-size-default\"><a href=\"http:\/\/www.patent-marketing.com\/leistungen\/patente\/\">Patente<\/a><\/h3>\t\t\t\t<\/div>\n\t\t\t\t<\/div>\n\t\t\t\t<div class=\"elementor-element elementor-element-151cbbf0 elementor-widget elementor-widget-text-editor\" data-id=\"151cbbf0\" data-element_type=\"widget\" data-e-type=\"widget\" data-widget_type=\"text-editor.default\">\n\t\t\t\t<div class=\"elementor-widget-container\">\n\t\t\t\t\t\t\t\t\tNach der Erteilung \u00fcbernehmen wir die technische Ausarbeitung, Prototypenherstellung und erste Anwendertests. Im Anschluss erfolgt die Markteinf\u00fchrung. \t\t\t\t\t\t\t\t<\/div>\n\t\t\t\t<\/div>\n\t\t\t\t<div class=\"elementor-element elementor-element-11d412d1 elementor-widget elementor-widget-button\" data-id=\"11d412d1\" data-element_type=\"widget\" data-e-type=\"widget\" data-widget_type=\"button.default\">\n\t\t\t\t<div class=\"elementor-widget-container\">\n\t\t\t\t\t\t\t\t\t<div class=\"elementor-button-wrapper\">\n\t\t\t\t\t<a class=\"elementor-button elementor-button-link elementor-size-sm\" href=\"http:\/\/www.patent-marketing.com\/leistungen\/patente\/\">\n\t\t\t\t\t\t<span class=\"elementor-button-content-wrapper\">\n\t\t\t\t\t\t\t\t\t<span class=\"elementor-button-text\">Mehr Infos<\/span>\n\t\t\t\t\t<\/span>\n\t\t\t\t\t<\/a>\n\t\t\t\t<\/div>\n\t\t\t\t\t\t\t\t<\/div>\n\t\t\t\t<\/div>\n\t\t\t\t\t<\/div>\n\t\t<\/div>\n\t\t\t\t<div class=\"elementor-column elementor-col-25 elementor-top-column elementor-element elementor-element-b8b0317\" data-id=\"b8b0317\" data-element_type=\"column\" data-e-type=\"column\">\n\t\t\t<div class=\"elementor-widget-wrap elementor-element-populated\">\n\t\t\t\t\t\t<div class=\"elementor-element elementor-element-30332c22 elementor-view-default elementor-widget elementor-widget-icon\" data-id=\"30332c22\" data-element_type=\"widget\" data-e-type=\"widget\" data-widget_type=\"icon.default\">\n\t\t\t\t<div class=\"elementor-widget-container\">\n\t\t\t\t\t\t\t<div class=\"elementor-icon-wrapper\">\n\t\t\t<a class=\"elementor-icon\" href=\"http:\/\/www.patent-marketing.com\/leistungen\/marken\/\">\n\t\t\t<svg xmlns=\"http:\/\/www.w3.org\/2000\/svg\" height=\"100\" viewBox=\"0 0 100 100\" width=\"100\"><path d=\"m134.304101 113.8516c2.8555-.80469 5.8281-1.3281 8.8789-1.5312v13.042998c-3.4102-3.433598-6.4023-7.308598-8.8789-11.511998zm-5.4375 1.9334c2.6602 4.6914 5.8984 9.0273 9.6133 12.878997-6.7695-1.1914-12.996-3.949197-18.293-7.890597 2.668-1.9648 5.582-3.6484 8.6797-4.9884zm25.102 12.808997c3.6055-3.820297 6.7578-8.117197 9.3555-12.792997 3.0469 1.3281 5.918 3 8.5547 4.9648-5.1953 3.8711-11.289 6.601597-17.91 7.828197zm-5.1016-16.280997c3.1211.19922 6.1445.73047 9.043 1.5508-2.5117 4.3516-5.5586 8.332-9.043 11.839997zm-33.117-57.371c3.0234 2.3711 6.3359 4.3867 9.8711 5.9961-3.375 7.6523-5.1484 16.145-4.9688 25.086.17578 8.7148 2.1797 17.098 5.6328 24.703-3.7773 1.668-7.3125 3.793-10.516 6.2891-8.3906-8.1719-13.094-19.332-13.094-31.047.007813-11.766 4.6875-22.797 13.074-31.0272zm34.262-17.852c-28.598-2.2852-53.012001 20.227-53.012001 48.879 0 27.078 21.953001 49.030999 49.027001 49.030999s49.031-21.952999 49.031-49.030999c0-1.3359-.05469-2.6562-.15625-3.9688-1.5977 2.2031-3.4727 4.2031-5.5664 5.9375-.49609 11.074-5.1406 21.309-13.039 29.062-3.1836-2.5-6.6836-4.6172-10.438-6.2773 2.1602-4.8477 3.7461-10.031 4.6719-15.445-1.9023.10156-3.8203.02735-5.7109-.20703-.87891 4.7852-2.3281 9.3633-4.2773 13.66-3.7266-1.1562-7.6406-1.8789-11.676-2.1094v-18.258c-2.1289-1.6914-4.043-3.6523-5.6797-5.8203v24.078c-3.9844.23438-7.8633.95703-11.562 2.1055-3.2578-7.0352-5.1445-14.785-5.3047-22.82-.16406-8.1641 1.4805-15.93 4.6094-22.922 1.8828.60547 3.8125 1.1016 5.7891 1.4844-.07422-1.9141.01562-3.8203.27344-5.7188-1.1602-.24609-2.3086-.54297-3.4336-.87891 1.8008-3.0742 3.9062-5.9609 6.2891-8.625 2.3164-4.8359 5.8242-9.0078 10.164-12.156zm-3.6445 26.07c0-12.414 10.062-22.477 22.473-22.477 12.426 0 22.477 10.051 22.477 22.477 0 12.43-10.051 22.477-22.477 22.477-12.418 0-22.473-10.051-22.473-22.477zm22.477-28.16c-15.551 0-28.156 12.609-28.156 28.16 0 15.543 12.617 28.16 28.156 28.16 15.531 0 28.156-12.621 28.156-28.16s-12.621-28.16-28.156-28.16zm-5.8555 26.996-10.152-9.9219 2.1523 15.871h27.707l2.1523-15.871-10.152 9.9219-5.8555-11.047zm19.336 8.6797h-26.965l.63672 4.6953h25.691zm-44.82-27.227c-3.6523 3.7227-6.7969 7.8945-9.3477 12.422-2.8438-1.2773-5.5273-2.8516-8.0039-4.6914 5.0508-3.7656 10.945-6.4531 17.352-7.7306z\" fill=\"#0e7cff\" fill-rule=\"evenodd\" transform=\"translate(-97 -35)\"><\/path><\/svg>\t\t\t<\/a>\n\t\t<\/div>\n\t\t\t\t\t\t<\/div>\n\t\t\t\t<\/div>\n\t\t\t\t<div class=\"elementor-element elementor-element-242aed82 elementor-widget elementor-widget-heading\" data-id=\"242aed82\" data-element_type=\"widget\" data-e-type=\"widget\" data-widget_type=\"heading.default\">\n\t\t\t\t<div class=\"elementor-widget-container\">\n\t\t\t\t\t<h3 class=\"elementor-heading-title elementor-size-default\"><a href=\"http:\/\/www.patent-marketing.com\/leistungen\/marken\/\">Marken<\/a><\/h3>\t\t\t\t<\/div>\n\t\t\t\t<\/div>\n\t\t\t\t<div class=\"elementor-element elementor-element-3d3b604a elementor-widget elementor-widget-text-editor\" data-id=\"3d3b604a\" data-element_type=\"widget\" data-e-type=\"widget\" data-widget_type=\"text-editor.default\">\n\t\t\t\t<div class=\"elementor-widget-container\">\n\t\t\t\t\t\t\t\t\tWir verwerten Marken f\u00fcr eigene Vorhaben aus unserer umfangreichen Datenbasis von Marken aller Klassen. Ebenso vermitteln wir Marken im Kundenauftrag.\t\t\t\t\t\t\t\t<\/div>\n\t\t\t\t<\/div>\n\t\t\t\t<div class=\"elementor-element elementor-element-5f68c1e3 elementor-widget elementor-widget-button\" data-id=\"5f68c1e3\" data-element_type=\"widget\" data-e-type=\"widget\" data-widget_type=\"button.default\">\n\t\t\t\t<div class=\"elementor-widget-container\">\n\t\t\t\t\t\t\t\t\t<div class=\"elementor-button-wrapper\">\n\t\t\t\t\t<a class=\"elementor-button elementor-button-link elementor-size-sm\" href=\"http:\/\/www.patent-marketing.com\/leistungen\/marken\/\">\n\t\t\t\t\t\t<span class=\"elementor-button-content-wrapper\">\n\t\t\t\t\t\t\t\t\t<span class=\"elementor-button-text\">Mehr Infos<\/span>\n\t\t\t\t\t<\/span>\n\t\t\t\t\t<\/a>\n\t\t\t\t<\/div>\n\t\t\t\t\t\t\t\t<\/div>\n\t\t\t\t<\/div>\n\t\t\t\t\t<\/div>\n\t\t<\/div>\n\t\t\t\t<div class=\"elementor-column elementor-col-25 elementor-top-column elementor-element elementor-element-a7a4f06\" data-id=\"a7a4f06\" data-element_type=\"column\" data-e-type=\"column\">\n\t\t\t<div class=\"elementor-widget-wrap elementor-element-populated\">\n\t\t\t\t\t\t<div class=\"elementor-element elementor-element-2eba02ee elementor-view-default elementor-widget elementor-widget-icon\" data-id=\"2eba02ee\" data-element_type=\"widget\" data-e-type=\"widget\" data-widget_type=\"icon.default\">\n\t\t\t\t<div class=\"elementor-widget-container\">\n\t\t\t\t\t\t\t<div class=\"elementor-icon-wrapper\">\n\t\t\t<a class=\"elementor-icon\" href=\"http:\/\/www.patent-marketing.com\/leistungen\/innovationsprozess\/\">\n\t\t\t<svg xmlns=\"http:\/\/www.w3.org\/2000\/svg\" height=\"90\" viewBox=\"0 0 96 90\" width=\"96\"><g fill=\"#0e7cff\" fill-rule=\"evenodd\"><path d=\"m94.102 19.5-5.3984-.60156c-.39844-1.5-.89844-2.8008-1.6992-4.1016l3.3984-4.3008c.5-.60156.39844-1.5-.10156-2.1016l-3.1016-3.1016c-.60156-.60156-1.3984-.60156-2.1016-.10156l-4.1992 3.3984c-1.3008-.69922-2.6992-1.3008-4.1016-1.6992l-.60156-5.3984c-.10156-.80078-.69922-1.3984-1.5-1.3984h-4.3984c-.80078 0-1.5.60156-1.5 1.3984l-.49609 5.5078c-1.3984.39844-2.8008 1-4.1016 1.6992l-4.1992-3.3984c-.60156-.5-1.5-.39844-2.1016.10156l-3.1016 3.1016c-.60156.60156-.60156 1.3984-.10156 2.1016l3.3984 4.3008c-.69922 1.3008-1.3008 2.6016-1.6992 4.1016l-5.3945.49219c-.80078.10156-1.3984.69922-1.3984 1.5v4.3984c0 .80078.60156 1.5 1.3984 1.5l5.3984.60156c.39844 1.5 1 2.8008 1.6992 4.1016l-3.3984 4.1992c-.5.60156-.5 1.5.10156 2.1016l3.1016 3.1016c.60156.60156 1.3984.60156 2.1016.10156l4.1992-3.3984c1.3008.80078 2.6992 1.3008 4.1016 1.6992l.60156 5.3984c.10156.80078.69922 1.3984 1.5 1.3984h4.3984c.80078 0 1.5-.60156 1.5-1.3984l.60156-5.3984c1.3984-.39844 2.8008-.89844 4.1016-1.6992l4.1992 3.3984c.60156.5 1.5.5 2.1016-.10156l3.1016-3.1016c.60156-.60156.60156-1.3984.10156-2.1016l-3.5117-4.1992c.69922-1.3008 1.3008-2.6016 1.6992-4.1016l5.3984-.60156c.80078-.10156 1.3984-.69922 1.3984-1.5l.0039-4.3984c0-.80078-.60156-1.3984-1.3984-1.5zm-21.5 11.699c-4.3984 0-8-3.6016-8-8s3.6016-8 8-8 8 3.5 8 8-3.6016 8-8 8z\"><\/path><path d=\"m58.602 58.602-6.8008-.69922c-.5-1.6992-1.1016-3.3008-2-4.8008l4.3008-5.3008c.39844-.5.39844-1.3008-.10156-1.8008l-4.3008-4.1992c-.5-.5-1.1992-.5-1.6992-.10156l-5.3008 4.3008c-1.5-.89844-3.1016-1.5-4.8008-2l-.69922-6.8008c-.10156-.69922-.60156-1.1992-1.3008-1.1992h-6c-.69922 0-1.1992.5-1.3008 1.1992l-.69922 6.8008c-1.6992.5-3.3008 1.1016-4.8008 2l-5.3008-4.3008c-.5-.39844-1.3008-.39844-1.6992.10156l-4.3008 4.1992c-.5.5-.5 1.1992-.10156 1.8008l4.3008 5.3008c-.89844 1.5-1.5 3.1016-2 4.8008l-6.800798.69922c-.6953 0-1.1953.59766-1.1953 1.2969v6c0 .69922.5 1.1992 1.1992 1.3008l6.8008.69922c.5 1.6992 1.101598 3.3008 2 4.8008l-4.398402 5.3008c-.39844.5-.39844 1.3008.10156 1.8008l4.2969 4.1992c.5.5 1.1992.5 1.8008.10156l5.3008-4.3008c1.5.89844 3.1016 1.5 4.8008 2l.69922 6.800801c.10156.69922.60156 1.1992 1.3008 1.1992h6c.69922 0 1.1992-.5 1.3008-1.1992l.69922-6.800801c1.6992-.5 3.3008-1.1016 4.8008-2l5.3008 4.3008c.5.39844 1.3008.39844 1.8008-.10156l4.3008-4.3008c.5-.5.5-1.1992.10156-1.8008l-4.3008-5.3008c.89844-1.5 1.5-3.1016 2-4.8008l6.8008-.69922c.69922-.10156 1.1992-.60156 1.1992-1.3008v-6c-.10547-.59766-.60547-1.1953-1.3047-1.1953zm-25.703 13.598c-5.1992 0-9.3984-4.1992-9.3984-9.3984s4.1992-9.3008 9.3984-9.3008 9.3984027 4.1992 9.3984027 9.3008c.0039073 5.1992-4.1953027 9.3984-9.3984027 9.3984z\"><\/path><path d=\"m26.801 25.199v3.6016c0 1.1992 1.3008 1.8984 2.1992 1.1992l13.898-8.6016c.89844-.60156.89844-1.8984 0-2.5l-13.898-8.5977c-1-.60156-2.1992.10156-2.1992 1.1992v3.6992c-6 .69922-21.101999 4.8008-26.301 27.602-.39844 1.6016 1.8984 2.3984 2.6016.80078 5-11 13.297-17.5 23.699-18.402z\"><\/path><\/g><\/svg>\t\t\t<\/a>\n\t\t<\/div>\n\t\t\t\t\t\t<\/div>\n\t\t\t\t<\/div>\n\t\t\t\t<div class=\"elementor-element elementor-element-1f1170ab elementor-widget elementor-widget-heading\" data-id=\"1f1170ab\" data-element_type=\"widget\" data-e-type=\"widget\" data-widget_type=\"heading.default\">\n\t\t\t\t<div class=\"elementor-widget-container\">\n\t\t\t\t\t<h3 class=\"elementor-heading-title elementor-size-default\"><a href=\"http:\/\/www.patent-marketing.com\/leistungen\/innovationsprozess\/\">Innovationsprozesse<\/a><\/h3>\t\t\t\t<\/div>\n\t\t\t\t<\/div>\n\t\t\t\t<div class=\"elementor-element elementor-element-5261ac82 elementor-widget elementor-widget-text-editor\" data-id=\"5261ac82\" data-element_type=\"widget\" data-e-type=\"widget\" data-widget_type=\"text-editor.default\">\n\t\t\t\t<div class=\"elementor-widget-container\">\n\t\t\t\t\t\t\t\t\t<p>Der Weg von der Idee zur Vermarktung erfordert vielseitiges Know-how und gute Planung. Wir helfen Ihnen als Experten dabei, Ihre Erfindung mit einem ma\u00dfgeschneiderten Projektplan voranzubringen.<\/p>\t\t\t\t\t\t\t\t<\/div>\n\t\t\t\t<\/div>\n\t\t\t\t<div class=\"elementor-element elementor-element-f3a94e1 elementor-widget elementor-widget-button\" data-id=\"f3a94e1\" data-element_type=\"widget\" data-e-type=\"widget\" data-widget_type=\"button.default\">\n\t\t\t\t<div class=\"elementor-widget-container\">\n\t\t\t\t\t\t\t\t\t<div class=\"elementor-button-wrapper\">\n\t\t\t\t\t<a class=\"elementor-button elementor-button-link elementor-size-sm\" href=\"http:\/\/www.patent-marketing.com\/leistungen\/innovationsprozess\/\">\n\t\t\t\t\t\t<span class=\"elementor-button-content-wrapper\">\n\t\t\t\t\t\t\t\t\t<span class=\"elementor-button-text\">Mehr Infos<\/span>\n\t\t\t\t\t<\/span>\n\t\t\t\t\t<\/a>\n\t\t\t\t<\/div>\n\t\t\t\t\t\t\t\t<\/div>\n\t\t\t\t<\/div>\n\t\t\t\t\t<\/div>\n\t\t<\/div>\n\t\t\t\t<div class=\"elementor-column elementor-col-25 elementor-top-column elementor-element elementor-element-9052351\" data-id=\"9052351\" data-element_type=\"column\" data-e-type=\"column\">\n\t\t\t<div class=\"elementor-widget-wrap elementor-element-populated\">\n\t\t\t\t\t\t<div class=\"elementor-element elementor-element-27ecaba6 elementor-view-default elementor-widget elementor-widget-icon\" data-id=\"27ecaba6\" data-element_type=\"widget\" data-e-type=\"widget\" data-widget_type=\"icon.default\">\n\t\t\t\t<div class=\"elementor-widget-container\">\n\t\t\t\t\t\t\t<div class=\"elementor-icon-wrapper\">\n\t\t\t<div class=\"elementor-icon\">\n\t\t\t<svg xmlns=\"http:\/\/www.w3.org\/2000\/svg\" height=\"93\" viewBox=\"0 0 74 93\" width=\"74\"><path d=\"m178.03869 111.99214v-.27734c0-3.2188 2.2227-6.0273 5.3438-7.1055v-5.5h.0664v-57.082c0-1.1211-.90625-2.0273-2.0273-2.0273h-57.355c-6.6211 0-12.008 5.3867-12.008 12.008v57.047c0 .44922.02735.89453.06641 1.3359-.07422.52734-.125 1.0586-.125 1.6055 0 6.6523 5.6719 12.066 12.645 12.066h1.8789l.00391 5.937497 10.133-5.179697 10.133 5.179697v-5.941397h36.59v-4.7305c-3.1602-1.168-5.3438-4.0312-5.3438-7.3359zm1.3594-12.027h-49.422v-55.91401h49.422zm-63.285-47.957c0-4.3867 3.5664-7.957 7.9531-7.957h1.8555v55.91h-1.3125c-3.2773 0-6.2539 1.207-8.4961 3.168zm27.465 72.73799-6.918-3.5352-6.918 3.5352v-10.145h13.836zm3.2148-4.8555v-5.2852h22.633c1.1172 0 2.0273-.90625 2.0273-2.0273 0-1.1172-.90625-2.0273-2.0273-2.0273h-46.031c-1.1172 0-2.0273.90625-2.0273 2.0273 0 1.1172.90625 2.0273 2.0273 2.0273h3.1328v5.2852h-1.8789c-4.6758 0-8.4766-3.543-8.4766-7.8945 0-4.3359 3.7852-7.8594 8.4414-7.8594h52.203c-1.8359 2.0586-2.9414 4.7188-2.9414 7.5859v.27734c0 3.0078 1.1523 5.7734 3.0781 7.8945z\" fill=\"#0e7cff\" fill-rule=\"evenodd\" stroke=\"#0e7cff\" stroke-width=\"2\" transform=\"translate(-111 -39)\"><\/path><\/svg>\t\t\t<\/div>\n\t\t<\/div>\n\t\t\t\t\t\t<\/div>\n\t\t\t\t<\/div>\n\t\t\t\t<div class=\"elementor-element elementor-element-6f9cde8f elementor-widget elementor-widget-heading\" data-id=\"6f9cde8f\" data-element_type=\"widget\" data-e-type=\"widget\" data-widget_type=\"heading.default\">\n\t\t\t\t<div class=\"elementor-widget-container\">\n\t\t\t\t\t<h3 class=\"elementor-heading-title elementor-size-default\"><a href=\"http:\/\/www.patent-marketing.com\/leistungen\/know-how\/\">Know-how<\/a><\/h3>\t\t\t\t<\/div>\n\t\t\t\t<\/div>\n\t\t\t\t<div class=\"elementor-element elementor-element-79f1ce93 elementor-widget elementor-widget-text-editor\" data-id=\"79f1ce93\" data-element_type=\"widget\" data-e-type=\"widget\" data-widget_type=\"text-editor.default\">\n\t\t\t\t<div class=\"elementor-widget-container\">\n\t\t\t\t\t\t\t\t\tWir bieten Ihnen ein vollst\u00e4ndiges Paket an L\u00f6sungen f\u00fcr die erfolgreiche Vermarktung Ihres Produktes oder Ihrer Produktidee. Wir sind f\u00fcr Sie Mitunternehmer bei der Realisierung Ihrer Gesch\u00e4ftsidee.\t\t\t\t\t\t\t\t<\/div>\n\t\t\t\t<\/div>\n\t\t\t\t<div class=\"elementor-element elementor-element-4c684144 elementor-widget elementor-widget-button\" data-id=\"4c684144\" data-element_type=\"widget\" data-e-type=\"widget\" data-widget_type=\"button.default\">\n\t\t\t\t<div class=\"elementor-widget-container\">\n\t\t\t\t\t\t\t\t\t<div class=\"elementor-button-wrapper\">\n\t\t\t\t\t<a class=\"elementor-button elementor-button-link elementor-size-sm\" href=\"http:\/\/www.patent-marketing.com\/leistungen\/know-how\/\">\n\t\t\t\t\t\t<span class=\"elementor-button-content-wrapper\">\n\t\t\t\t\t\t\t\t\t<span class=\"elementor-button-text\">Mehr Infos<\/span>\n\t\t\t\t\t<\/span>\n\t\t\t\t\t<\/a>\n\t\t\t\t<\/div>\n\t\t\t\t\t\t\t\t<\/div>\n\t\t\t\t<\/div>\n\t\t\t\t\t<\/div>\n\t\t<\/div>\n\t\t\t\t\t<\/div>\n\t\t<\/section>\n\t\t\t\t<\/div>\n\t\t","protected":false},"excerpt":{"rendered":"<p>Wir sind die Experten f\u00fcr Ihre Erfindung! Leistungen f\u00fcr Ihren Erfolg! Sie haben bereits das Schutzrecht f\u00fcr Ihre Idee erlangt und m\u00f6chten mit Ihrem Vorhaben nun in die Umsetzung gehen? Unsere Serviceleistungen umfassen den kompletten Prozess \u2013 deshalb sind wir von Pieter van Weenen &amp; Co. die Experten, die Ihnen jetzt weiterhelfen k\u00f6nnen! Zun\u00e4chst pr\u00fcfen [&hellip;]<\/p>\n","protected":false},"author":1,"featured_media":0,"parent":0,"menu_order":1,"comment_status":"closed","ping_status":"closed","template":"","meta":{"_seopress_robots_primary_cat":"","_seopress_titles_title":"Leistungen f\u00fcr Ihr Schutzrecht | Markteinf\u00fchrung mit Erfolg","_seopress_titles_desc":"Wir sind die Experten f\u00fcr Ihre Erfindung! Mit Innovationsprozess-Planung, Know-how zu Patent Verwertung und Vermarktung, Marken kaufen, etc. \u27a4Hier bei Pieter van Weenen &amp; Co.!","_seopress_robots_index":"","site-sidebar-layout":"no-sidebar","site-content-layout":"page-builder","ast-site-content-layout":"default","site-content-style":"default","site-sidebar-style":"default","ast-global-header-display":"","ast-banner-title-visibility":"","ast-main-header-display":"","ast-hfb-above-header-display":"","ast-hfb-below-header-display":"","ast-hfb-mobile-header-display":"","site-post-title":"disabled","ast-breadcrumbs-content":"","ast-featured-img":"disabled","footer-sml-layout":"","ast-disable-related-posts":"","theme-transparent-header-meta":"default","adv-header-id-meta":"","stick-header-meta":"default","header-above-stick-meta":"","header-main-stick-meta":"","header-below-stick-meta":"","astra-migrate-meta-layouts":"default","ast-page-background-enabled":"default","ast-page-background-meta":{"desktop":{"background-color":"","background-image":"","background-repeat":"repeat","background-position":"center center","background-size":"auto","background-attachment":"scroll","background-type":"","background-media":"","overlay-type":"","overlay-color":"","overlay-opacity":"","overlay-gradient":""},"tablet":{"background-color":"","background-image":"","background-repeat":"repeat","background-position":"center center","background-size":"auto","background-attachment":"scroll","background-type":"","background-media":"","overlay-type":"","overlay-color":"","overlay-opacity":"","overlay-gradient":""},"mobile":{"background-color":"","background-image":"","background-repeat":"repeat","background-position":"center center","background-size":"auto","background-attachment":"scroll","background-type":"","background-media":"","overlay-type":"","overlay-color":"","overlay-opacity":"","overlay-gradient":""}},"ast-content-background-meta":{"desktop":{"background-color":"var(--ast-global-color-5)","background-image":"","background-repeat":"repeat","background-position":"center center","background-size":"auto","background-attachment":"scroll","background-type":"","background-media":"","overlay-type":"","overlay-color":"","overlay-opacity":"","overlay-gradient":""},"tablet":{"background-color":"var(--ast-global-color-5)","background-image":"","background-repeat":"repeat","background-position":"center center","background-size":"auto","background-attachment":"scroll","background-type":"","background-media":"","overlay-type":"","overlay-color":"","overlay-opacity":"","overlay-gradient":""},"mobile":{"background-color":"var(--ast-global-color-5)","background-image":"","background-repeat":"repeat","background-position":"center center","background-size":"auto","background-attachment":"scroll","background-type":"","background-media":"","overlay-type":"","overlay-color":"","overlay-opacity":"","overlay-gradient":""}},"footnotes":""},"class_list":["post-37","page","type-page","status-publish","hentry"],"_links":{"self":[{"href":"https:\/\/www.patent-marketing.com\/de\/wp-json\/wp\/v2\/pages\/37","targetHints":{"allow":["GET"]}}],"collection":[{"href":"https:\/\/www.patent-marketing.com\/de\/wp-json\/wp\/v2\/pages"}],"about":[{"href":"https:\/\/www.patent-marketing.com\/de\/wp-json\/wp\/v2\/types\/page"}],"author":[{"embeddable":true,"href":"https:\/\/www.patent-marketing.com\/de\/wp-json\/wp\/v2\/users\/1"}],"replies":[{"embeddable":true,"href":"https:\/\/www.patent-marketing.com\/de\/wp-json\/wp\/v2\/comments?post=37"}],"version-history":[{"count":18,"href":"https:\/\/www.patent-marketing.com\/de\/wp-json\/wp\/v2\/pages\/37\/revisions"}],"predecessor-version":[{"id":794,"href":"https:\/\/www.patent-marketing.com\/de\/wp-json\/wp\/v2\/pages\/37\/revisions\/794"}],"wp:attachment":[{"href":"https:\/\/www.patent-marketing.com\/de\/wp-json\/wp\/v2\/media?parent=37"}],"curies":[{"name":"wp","href":"https:\/\/api.w.org\/{rel}","templated":true}]}}